{"id":9980,"date":"2020-06-09T18:34:59","date_gmt":"2020-06-09T22:34:59","guid":{"rendered":"https:\/\/wpstaging.flagshipcompany.com\/?page_id=9980"},"modified":"2023-01-12T19:44:49","modified_gmt":"2023-01-13T00:44:49","slug":"assurance-transport","status":"publish","type":"page","link":"https:\/\/wpstaging.flagshipcompany.com\/fr\/assurance-transport\/","title":{"rendered":"Assurance transport"},"content":{"rendered":"<section class=\"wpb-content-wrapper\"><p>[vc_row full_width=\u00a0\u00bbstretch_row_content_no_spaces\u00a0\u00bb][vc_column][vc_raw_html]JTNDZGl2JTIwY2xhc3MlM0QlMjJoZWFkZXItYm94LXJlbGF0aXZlJTIyJTNFJTBBJTBBJTNDZGl2JTIwY2xhc3MlM0QlMjJoZWFkZXItYm94LWJrZyUyMiUyMCUzRSUwQSUzQ2ltZyUyMHNyYyUzRCUyMiUyRmFwcCUyRnVwbG9hZHMlMkYyMDE2JTJGMDUlMkZjb3VyaWVyLXNlcnZpY2UtaGVhZGVyLWltYWdlLTIucG5nJTIyJTIwJTJGJTNFJTBBJTNDJTJGZGl2JTNFJTBBJTBBJTNDZGl2JTIwY2xhc3MlM0QlMjJoZWFkZXItY2VudGVyLXRleHQtYWJzb2x1dGUlMjIlM0UlM0NoMSUzRUFzc3VyYW5jZSUyMFRyYW5zcG9ydCUyMCUzQ2ZvbnQlMjBjbGFzcyUzRCUyMmxhdG8tbm9ybWFsJTIyJTNFJTNDJTJGZm9udCUzRSUzQyUyRmgxJTNFJTNDJTJGZGl2JTNFJTBBJTIwJTIwJTIwJTIwJTBBJTNDJTJGZGl2JTNF[\/vc_raw_html][\/vc_column][\/vc_row][vc_row el_class=\u00a0\u00bb.csp-r3&Prime;][vc_column width=\u00a0\u00bb7\/12&Prime; el_class=\u00a0\u00bb.csp-r3-c1 .lato-light\u00a0\u00bb][vc_column_text]<\/p>\n<h2><span style=\"color: #00a7e0\"><b>Qu&rsquo;est-ce que l&rsquo;assurance transport?<\/b><\/span><\/h2>\n<p class=\"TranslationPanel_paragraph__D-ucz TranslationPanel_feedback-enabled__3NmpV\">L&rsquo;assurance transport prot\u00e8ge les exp\u00e9diteurs lorsque des colis sont perdus ou endommag\u00e9s pendant le transport. Les transporteurs offrent souvent un r\u00e9gime d\u2019assurance exp\u00e9dition de base o\u00f9 la responsabilit\u00e9 maximale du transporteur pour les colis non assur\u00e9s est de 100 $ CAD. Bien que les assureurs offrent leur propre couverture d&rsquo;assurance compl\u00e8te, elle est assortie d&rsquo;une prime beaucoup plus \u00e9lev\u00e9e. FlagShip s\u2019engage \u00e0 rendre l\u2019exp\u00e9dition de votre petite entreprise facile, \u00e9conomique et sans stress. C&rsquo;est pourquoi nous avons notre propre assurance interne \u00e0 un taux beaucoup plus bas.<\/p>\n<p><span style=\"color: #00a7e0\"><b>Est-ce que j&rsquo;ai besoin d&rsquo;une assurance transport?<\/b>\u00a0<\/span><\/p>\n<p class=\"TranslationPanel_paragraph__D-ucz TranslationPanel_feedback-enabled__3NmpV\">En g\u00e9n\u00e9ral, les exp\u00e9ditions de moins de 100 $ sont assur\u00e9es par la plupart des services de messagerie. Toutefois, lorsqu&rsquo;ils exp\u00e9dient des articles d&rsquo;une valeur sup\u00e9rieure \u00e0 100 $, les propri\u00e9taires de petites entreprises devraient penser \u00e0 une assurance suppl\u00e9mentaire pour leur exp\u00e9dition. La seule pire chose qu\u2019un envoi perdu, vol\u00e9 ou endommag\u00e9 en transit est de ne pas avoir le bon niveau d&rsquo;assurance pour couvrir vos co\u00fbts.<\/p>\n<p class=\"TranslationPanel_paragraph__D-ucz TranslationPanel_feedback-enabled__3NmpV\">En tant que propri\u00e9taire d&rsquo;une petite entreprise, concentrez-vous sur ce qui est important &#8211; plut\u00f4t que sur votre envoi. Ayez l&rsquo;esprit tranquille en sachant que si quelque chose arrive \u00e0 votre envoi, vous \u00eates couvert. Si vous choisissez de ne pas assurer votre exp\u00e9dition de grande valeur, vous acceptez essentiellement la responsabilit\u00e9 de ce colis, ce qui signifie que vous assurez les co\u00fbts s&rsquo;ils sont endommag\u00e9s, perdus ou vol\u00e9s.<\/p>\n<p>[\/vc_column_text][\/vc_column][vc_column width=\u00a0\u00bb5\/12&Prime; el_class=\u00a0\u00bb.csp-r3-c2&Prime;][vc_single_image image=\u00a0\u00bb9913&Prime; img_size=\u00a0\u00bbfull\u00a0\u00bb][vc_column_text]<em><strong>Conseil important: \u00c9l\u00e9ments non assurables\u00a0<\/strong><\/em><\/p>\n<p class=\"TranslationPanel_paragraph__D-ucz TranslationPanel_feedback-enabled__3NmpV\"><em>Verre, liquides, aliments frais (y compris fruits, l\u00e9gumes, viande, fruits de mer, volaille), plantes vivantes, comptes, factures, actes, preuves de dettes, devises, lingots, valeurs mobili\u00e8res, timbres, bijoux, fourrures, pierres pr\u00e9cieuses, beaux-arts, tabac, produits du tabac, boissons alcoolis\u00e9es, stocks vivants ou t\u00e9l\u00e9phones mobiles.<\/em><\/p>\n<p class=\"TranslationPanel_paragraph__D-ucz TranslationPanel_feedback-enabled__3NmpV\">Vous ne savez pas si votre envoi est assurable? <a href=\"mailto:support@flagshipcompany.com\" target=\"_blank\" rel=\"noopener noreferrer\">Communiquez avec notre \u00e9quipe d&rsquo;experts<\/a> et nous serons en mesure de vous aider!<\/p>\n<p><span style=\"color: #00a7e0\"><strong>Num\u00e9ro sans frais: <a style=\"color: #00a7e0\" href=\"tel:18663208383\" target=\"_blank\" rel=\"noopener noreferrer\">1-866-320-8383<\/a><\/strong><\/span>[\/vc_column_text][\/vc_column][\/vc_row][vc_row][vc_column][vc_column_text]<\/p>\n<h2><strong><span style=\"color: #00a7e0\"><span class=\"TextRun MacChromeBold SCXW91718075 BCX0\" lang=\"EN-US\" xml:lang=\"EN-US\" data-contrast=\"none\"><span class=\"SpellingError SCXW91718075 BCX0\">Assurance transport interne et les avantages de FlagShip<\/span><\/span><\/span><\/strong><\/h2>\n<p class=\"TranslationPanel_paragraph__D-ucz TranslationPanel_feedback-enabled__3NmpV\">Les tarifs du programme d\u2019assurance de FlagShip sont les plus bas de l\u2019industrie, mais il y en a plus!<\/p>\n<p class=\"TranslationPanel_paragraph__D-ucz TranslationPanel_feedback-enabled__3NmpV\"><span style=\"text-decoration: underline\"><strong>Prix concurrentiel<\/strong><\/span> : les tarifs d&rsquo;assurance pour les articles de plus de 100 $ peuvent \u00eatre extr\u00eamement \u00e9lev\u00e9s avec des prix de plus de 2,50 $\/100 $ d&rsquo;assurance souscrite. Tout comme nos <a href=\"\/?page_id=6802\" target=\"_blank\" rel=\"noopener noreferrer\">tarifs de messagerie<\/a>, notre programme d&rsquo;assurance est le plus bas de l&rsquo;industrie, avec un tarif de 1,25 $\/100 $*. Donc, que vous recherchiez une assurance exp\u00e9dition pour prot\u00e9ger votre petit colis ou votre <a href=\"\/?page_id=2342\" target=\"_blank\" rel=\"noopener noreferrer\">exp\u00e9dition de chargement partiel<\/a>, aller par camion, par avion ou par oc\u00e9an, FlagShip est l\u00e0 pour vous.<\/p>\n<p class=\"TranslationPanel_paragraph__D-ucz TranslationPanel_feedback-enabled__3NmpV\"><span style=\"text-decoration: underline\"><strong>Obtenir un remboursement<\/strong><\/span> : pour obtenir un remboursement, vous devrez suivre un processus de r\u00e9clamation et, selon le transporteur avec qui vous exp\u00e9diez, le processus de r\u00e9clamation peut \u00eatre tr\u00e8s compliqu\u00e9. FlagShip rend votre processus de r\u00e9clamation d&rsquo;assurance fluide et sans stress. Il suffit de <a href=\"\/?page_id=2421\" target=\"_blank\" rel=\"noopener noreferrer\">communiquer avec l\u2019\u00e9quipe du service \u00e0 la client\u00e8le de FlagShip<\/a> pour vous aider dans le processus de r\u00e9clamation, ce qui vous permet d&rsquo;une exp\u00e9rience simple et sans tracas. Peu importe le transporteur utilis\u00e9, il n&rsquo;y a qu&rsquo;un seul num\u00e9ro \u00e0 composer pour toute question ou tout probl\u00e8me; notre \u00e9quipe du service \u00e0 la client\u00e8le est l\u00e0 pour vous aider, m\u00eame apr\u00e8s les heures d&rsquo;ouverture!<\/p>\n<p class=\"TranslationPanel_paragraph__D-ucz TranslationPanel_feedback-enabled__3NmpV\"><span style=\"text-decoration: underline\"><strong>Il est facile d\u2019ajouter une assurance<\/strong><\/span> : Il est possible d\u2019ajouter l\u2019assurance interne de FlagShip \u00e0 votre exp\u00e9dition au moment du traitement de votre exp\u00e9dition par <a href=\"\/?page_id=2305\" target=\"_blank\" rel=\"noopener noreferrer\">le syst\u00e8me d\u2019exp\u00e9dition en ligne de FlagShip<\/a>, et les frais sont ajout\u00e9s \u00e0 votre prix d\u2019exp\u00e9dition global. Il est donc facile d\u2019ajouter une assurance \u00e0 n\u2019importe quel envoi. Vous ne savez pas si un produit est assurable? Il vous suffit de communiquer avec nous pour que nous puissions vous aider \u00e0 vous prot\u00e9ger. Vous n&rsquo;\u00eates pas un client FlagShip? <a href=\"https:\/\/wpstaging.flagshipcompany.com\/fr\/inscrivez-vous\/\" target=\"_blank\" rel=\"noopener noreferrer\">Cr\u00e9ez un compte gratuitement<\/a>.<\/p>\n<p class=\"TranslationPanel_paragraph__D-ucz TranslationPanel_feedback-enabled__3NmpV\"><em>* des frais d&rsquo;assurance d&rsquo;au moins 4,95 $ sont exig\u00e9s. Veuillez <a href=\"\/?page_id=2413\" target=\"_blank\" rel=\"noopener noreferrer\">consulter nos modalit\u00e9s pour<\/a> obtenir de plus amples renseignements.<\/em><\/p>\n<p>[\/vc_column_text][\/vc_column][\/vc_row][vc_row][vc_column width=\u00a0\u00bb1\/2&Prime;][vc_column_text css=\u00a0\u00bb.vc_custom_1591726158287{margin-top: 50px !important;margin-right: 50px !important;margin-bottom: 50px !important;border-top-width: 50px !important;border-right-width: 50px !important;border-bottom-width: 50px !important;border-left-width: 50px !important;padding-top: 20px !important;padding-right: 20px !important;padding-bottom: 20px !important;padding-left: 20px !important;background-color: #00a7e0 !important;border-radius: 10px !important;}\u00a0\u00bb]<span style=\"color: #ffffff\">Avec FlagShip, non seulement vous gagnez du temps et \u00e9conomisez de l&rsquo;argent, mais nous vous aidons \u00e0 exp\u00e9dier en toute confiance. Vous b\u00e9n\u00e9ficiez \u00e9galement de la meilleure \u00e9quipe de soutien \u00e0 la client\u00e8le qui soit pour vous et vos clients. Il n\u2019y a qu\u2019un seul num\u00e9ro de t\u00e9l\u00e9phone \u00e0 composer, une facture consolid\u00e9e, un service \u00e0 la client\u00e8le en direct (m\u00eame apr\u00e8s les heures d\u2019ouverture!), la derni\u00e8re innovation technologique, 15 ans de service \u00e9prouv\u00e9 et nous nous sommes class\u00e9s dans<span style=\"text-decoration: underline\"> <a style=\"color: #ffffff;text-decoration: underline\" href=\"https:\/\/www.canadianbusiness.com\/lists-and-rankings\/growth-500\/2019-ranking-g500\/\" target=\"_blank\" rel=\"noopener noreferrer\">la liste de croissance des entreprises canadiennes 500<\/a> <\/span>parmi les entreprises les plus florissantes du pays depuis 2012. <span style=\"text-decoration: underline\"><a style=\"color: #ffffff;text-decoration: underline\" href=\"\/?page_id=2286\" target=\"_blank\" rel=\"noopener noreferrer\">Cliquez ici<\/a> <\/span>pour en savoir plus sur l&rsquo;exp\u00e9dition avec FlagShip.<\/span>[\/vc_column_text][\/vc_column][vc_column width=\u00a0\u00bb1\/2&Prime;][vc_column_text css=\u00a0\u00bb.vc_custom_1591726820380{margin-top: 50px !important;margin-bottom: 50px !important;}\u00a0\u00bb]<\/p>\n<h2><span style=\"color: #ef855f\">Voice quelques blogues et renseignements suppl\u00e9mentaires sur l&rsquo;assurance transport pour vous:<\/span><\/h2>\n<ul>\n<li data-leveltext=\"\uf0b7\" data-font=\"Symbol\" data-listid=\"2\" data-aria-posinset=\"1\" data-aria-level=\"1\"><a href=\"\/?p=7834\" target=\"_blank\" rel=\"noopener noreferrer\">4 conseils d\u2019assurance courrier pour votre petite entreprise<\/a><\/li>\n<li data-leveltext=\"\uf0b7\" data-font=\"Symbol\" data-listid=\"2\" data-aria-posinset=\"1\" data-aria-level=\"1\"><a href=\"\/?p=6290\" target=\"_blank\" rel=\"noopener noreferrer\">R\u00e9ponses aux principales questions li\u00e9es \u00e0 l\u2019assurance exp\u00e9dition<\/a><\/li>\n<li data-leveltext=\"\uf0b7\" data-font=\"Symbol\" data-listid=\"2\" data-aria-posinset=\"1\" data-aria-level=\"1\"><a href=\"\/?p=3496\" target=\"_blank\" rel=\"noopener noreferrer\">Assurance exp\u00e9dition : conseils pour limiter vos risques<\/a><\/li>\n<li data-leveltext=\"\uf0b7\" data-font=\"Symbol\" data-listid=\"2\" data-aria-posinset=\"1\" data-aria-level=\"1\"><a href=\"\/?p=3732\" target=\"_blank\" rel=\"noopener noreferrer\">Conseils sur l\u2019assurance pour les envois d\u2019une valeur de plus de 100 $<\/a><\/li>\n<\/ul>\n<p>[\/vc_column_text][\/vc_column][\/vc_row][vc_row][vc_column][vc_column_text]<\/p>\n<h5><span class=\"TextRun SCXW39310416 BCX0\" lang=\"EN-US\" xml:lang=\"EN-US\" data-contrast=\"none\"><span class=\"NormalTextRun SCXW39310416 BCX0\">POUR PLUS D\u2019INFORMATIONS SUR <a href=\"\/?page_id=2296\" target=\"_blank\" rel=\"noopener noreferrer\">LE PROGRAMME D\u2019EXP\u00c9DITION<\/a> ET D\u2019ASSURANCE PAR<a href=\"\/?page_id=2313\" target=\"_blank\" rel=\"noopener noreferrer\"> SERVICE DE MESSAGERIE<\/a> DE FLAGSHIP, COMMUNIQUEZ AVEC NOUS AU <a href=\"tel:18663208383\" target=\"_blank\" rel=\"noopener noreferrer\">1-866-320-8383<\/a> OU ENVOYEZ UN COURRIEL \u00c0 <a href=\"mailto:SUPPORT@FLAGSHIPCOMPANY.COM\" target=\"_blank\" rel=\"noopener noreferrer\">SUPPORT@FLAGSHIPCOMPANY.COM<\/a>.\u00a0<\/span><\/span><\/h5>\n<div class=\"TextPanel_translate-column__3awri TextPanel_source-box-column__KLHDm\">\n<div class=\"TextPanel_text-panel-footer__3DitU\"><\/div>\n<\/div>\n<div class=\"TextPanel_translate-column__3awri\">\n<div class=\"TranslationPanel_main-container__2szd1\">\n<div class=\"TranslationPanel_content-container__2238D\">\n<div class=\"TranslationPanel_text-container__3ogR_ \">\n<p class=\"TranslationPanel_paragraph__D-ucz TranslationPanel_feedback-enabled__3NmpV\">\n<\/div>\n<\/div>\n<\/div>\n<\/div>\n<p>[\/vc_column_text][\/vc_column][\/vc_row]<\/p>\n<\/section>","protected":false},"excerpt":{"rendered":"<p>[vc_row full_width=\u00a0\u00bbstretch_row_content_no_spaces\u00a0\u00bb][vc_column][vc_raw_html]JTNDZGl2JTIwY2xhc3MlM0QlMjJoZWFkZXItYm94LXJlbGF0aXZlJTIyJTNFJTBBJTBBJTNDZGl2JTIwY2xhc3MlM0QlMjJoZWFkZXItYm94LWJrZyUyMiUyMCUzRSUwQSUzQ2ltZyUyMHNyYyUzRCUyMiUyRmFwcCUyRnVwbG9hZHMlMkYyMDE2JTJGMDUlMkZjb3VyaWVyLXNlcnZpY2UtaGVhZGVyLWltYWdlLTIucG5nJTIyJTIwJTJGJTNFJTBBJTNDJTJGZGl2JTNFJTBBJTBBJTNDZGl2JTIwY2xhc3MlM0QlMjJoZWFkZXItY2VudGVyLXRleHQtYWJzb2x1dGUlMjIlM0UlM0NoMSUzRUFzc3VyYW5jZSUyMFRyYW5zcG9ydCUyMCUzQ2ZvbnQlMjBjbGFzcyUzRCUyMmxhdG8tbm9ybWFsJTIyJTNFJTNDJTJGZm9udCUzRSUzQyUyRmgxJTNFJTNDJTJGZGl2JTNFJTBBJTIwJTIwJTIwJTIwJTBBJTNDJTJGZGl2JTNF[\/vc_raw_html][\/vc_column][\/vc_row][vc_row el_class=\u00a0\u00bb.csp-r3&Prime;][vc_column width=\u00a0\u00bb7\/12&Prime; el_class=\u00a0\u00bb.csp-r3-c1 .lato-light\u00a0\u00bb][vc_column_text] Qu&rsquo;est-ce que l&rsquo;assurance transport? L&rsquo;assurance transport prot\u00e8ge les exp\u00e9diteurs lorsque des colis sont perdus ou endommag\u00e9s pendant le transport. Les transporteurs offrent souvent un r\u00e9gime d\u2019assurance exp\u00e9dition&#8230;<\/p>\n","protected":false},"author":5,"featured_media":0,"parent":0,"menu_order":0,"comment_status":"closed","ping_status":"closed","template":"","meta":[],"_links":{"self":[{"href":"https:\/\/wpstaging.flagshipcompany.com\/fr\/wp-json\/wp\/v2\/pages\/9980"}],"collection":[{"href":"https:\/\/wpstaging.flagshipcompany.com\/fr\/wp-json\/wp\/v2\/pages"}],"about":[{"href":"https:\/\/wpstaging.flagshipcompany.com\/fr\/wp-json\/wp\/v2\/types\/page"}],"author":[{"embeddable":true,"href":"https:\/\/wpstaging.flagshipcompany.com\/fr\/wp-json\/wp\/v2\/users\/5"}],"replies":[{"embeddable":true,"href":"https:\/\/wpstaging.flagshipcompany.com\/fr\/wp-json\/wp\/v2\/comments?post=9980"}],"version-history":[{"count":18,"href":"https:\/\/wpstaging.flagshipcompany.com\/fr\/wp-json\/wp\/v2\/pages\/9980\/revisions"}],"predecessor-version":[{"id":12929,"href":"https:\/\/wpstaging.flagshipcompany.com\/fr\/wp-json\/wp\/v2\/pages\/9980\/revisions\/12929"}],"wp:attachment":[{"href":"https:\/\/wpstaging.flagshipcompany.com\/fr\/wp-json\/wp\/v2\/media?parent=9980"}],"curies":[{"name":"wp","href":"https:\/\/api.w.org\/{rel}","templated":true}]}}