{"id":6181,"date":"2018-10-17T17:03:57","date_gmt":"2018-10-17T17:03:57","guid":{"rendered":"https:\/\/wpstaging.flagshipcompany.com\/?page_id=6181"},"modified":"2022-07-19T11:27:03","modified_gmt":"2022-07-19T15:27:03","slug":"lexpedition-a-rabais-winnipeg","status":"publish","type":"page","link":"https:\/\/wpstaging.flagshipcompany.com\/fr\/lexpedition-a-rabais-winnipeg\/","title":{"rendered":"L\u2019EXP\u00c9DITION \u00c0 RABAIS WINNIPEG"},"content":{"rendered":"<section class=\"wpb-content-wrapper\"><p>[vc_row full_width=\u00a0\u00bbstretch_row_content_no_spaces\u00a0\u00bb][vc_column][vc_raw_html]JTNDZGl2JTIwY2xhc3MlM0QlMjJoZWFkZXItYm94LXJlbGF0aXZlJTIyJTNFJTBBJTBBJTNDZGl2JTIwY2xhc3MlM0QlMjJoZWFkZXItYm94LWJrZyUyMiUyMCUzRSUwQSUzQ2ltZyUyMHNyYyUzRCUyMmh0dHBzJTNBJTJGJTJGd3d3LmZsYWdzaGlwY29tcGFueS5jb20lMkYlMkZhcHAlMkZ1cGxvYWRzJTJGMjAxOCUyRjA5JTJGV2lubmVwZWctaGVhZGVyLTE2MDB4MzgwLmpwZyUyMiUyMCUyRiUzRSUwQSUzQyUyRmRpdiUzRSUwQSUwQSUzQ2RpdiUyMGNsYXNzJTNEJTIyaGVhZGVyLWNlbnRlci10ZXh0LWFic29sdXRlMiUyMiUzRSUwQSUzQ2RpdiUyMGNsYXNzJTNEJTIyaGVhZGVyLWNlbnRlci10ZXh0LWFic29sdXRlMi1pbm5lciUyMiUzRSUwQSUzQ2gxJTNFJTNDZm9udCUyMGNsYXNzJTNEJTIybGF0by1ub3JtYWwlMjIlM0VMJUUyJTgwJTk5RVhQJUMzJTg5RElUSU9OJTIwJUMzJTgwJTIwUkFCQUlTJTJDJTIwJTNDJTJGZm9udCUzRVdpbm5pcGVnJTNDJTJGaDElM0UlM0MlMkZkaXYlM0UlMEElM0MlMkZkaXYlM0UlMEElMjAlMjAlMjAlMjAlMEElM0MlMkZkaXYlM0U=[\/vc_raw_html][\/vc_column][\/vc_row][vc_row el_class=\u00a0\u00bb.eip-r1&Prime;][vc_column width=\u00a0\u00bb1\/4&Prime; el_class=\u00a0\u00bb.eip-r1-c1&Prime;][vc_single_image image=\u00a0\u00bb5798&Prime; img_size=\u00a0\u00bbfull\u00a0\u00bb alignment=\u00a0\u00bbcenter\u00a0\u00bb][vc_column_text]<\/p>\n<h2>EXP\u00c9DITION SANS TRACAS<br \/>\nPOUR LES PME DE WINNIPEG<\/h2>\n<p>[\/vc_column_text][\/vc_column][vc_column width=\u00a0\u00bb3\/4&Prime; el_class=\u00a0\u00bb.eip-r1-c2 .lato-light\u00a0\u00bb][vc_column_text]<span class=\"lato-normal uppercase-all title-blue\">Votre guichet unique pour l&rsquo;exp\u00e9dition \u00e0 rabais \u00e0 Winnipeg! <\/span><br \/>\nAvez-vous besoin d&rsquo;exp\u00e9dier des produits \u00e0 vos clients? Ou devez-vous retourner des produits \u00e0 vos fournisseurs? Ou envoyez-vous parfois des documents importants? Voici une excellente solution pour obtenir les meilleurs tarifs d&rsquo;exp\u00e9dition \u00e0 Winnipeg : FlagShip!<\/p>\n<p>Acc\u00e9dez en ligne aux meilleurs tarifs des principales entreprises d&rsquo;exp\u00e9dition en un seul endroit. Comme lorsque vous comparez les prix d&rsquo;h\u00f4tels ou de vacances, FlagShip offre le meilleur outil de comparaison de prix dans l&rsquo;industrie. Cr\u00e9ez facilement des estim\u00e9s, cr\u00e9ez un envoi, imprimez vos \u00e9tiquettes, planifiez un retour et plusieurs autres options en utilisant FlagShip.<\/p>\n<p>De plus, vous aurez acc\u00e8s \u00e0 d&rsquo;excellents tarifs r\u00e9duits aupr\u00e8s des principales entreprises d&rsquo;exp\u00e9dition tels que Purolator, UPS, FedEx, DHL et Canpar \u2013 tout au m\u00eame endroit![\/vc_column_text][vc_single_image image=\u00a0\u00bb10358&Prime; img_size=\u00a0\u00bbfull\u00a0\u00bb][\/vc_column][\/vc_row][vc_row full_width=\u00a0\u00bbstretch_row\u00a0\u00bb css=\u00a0\u00bb.vc_custom_1462695407433{background-color: #f6f7f9 !important;}\u00a0\u00bb el_class=\u00a0\u00bb.eip-r2&Prime;][vc_column width=\u00a0\u00bb1\/2&Prime; el_class=\u00a0\u00bb.eip-r2-c1 .lato-light\u00a0\u00bb][vc_column_text]<\/p>\n<h2><span style=\"color: #58595b !important;\">Pouvez-vous vraiment \u00e9conomiser de l&rsquo;argent sur vos exp\u00e9ditions \u00e0 Winnipeg? <\/span><span style=\"color: #0ca8e2 !important; font-weight: bold;\"> OUI!<\/span><\/h2>\n<p><em>Une grande partie de ce que nous faisons chez FlagShip est de permettre aux petites et moyennes entreprises d&rsquo;obtenir les meilleurs tarifs et services d&rsquo;exp\u00e9dition des principales entreprises d&rsquo;exp\u00e9dition au Canada. <\/em><a href=\"\/?page_id=2380\"><em>Ouvrez un compte gratuitement<\/em><\/a> <a href=\"\/?page_id=2380\"><em>et commencez \u00e0 comparer les tarifs d&rsquo;exp\u00e9dition!<\/em><\/a>[\/vc_column_text][\/vc_column][vc_column width=\u00a0\u00bb1\/2&Prime; el_class=\u00a0\u00bb.eip-r2-c2 .lato-light\u00a0\u00bb][vc_column_text]<strong>Avantages des services d&rsquo;exp\u00e9dition de Winnipeg lorsque vous exp\u00e9diez avec FlagShip :<\/strong><\/p>\n<ul>\n<li>Acc\u00e9dez au syst\u00e8me d&rsquo;exp\u00e9dition en ligne de FlagShip<\/li>\n<li>Couverture d&rsquo;assurance suppl\u00e9mentaire \u00e0 1,25\u00a0$\/100\u00a0$<\/li>\n<li>\u00c9conomisez avec aucun frais de ramassage<\/li>\n<li>Faites votre suivi et recevez des avis de livraison par courriel pour chaque envoi<\/li>\n<li>Imprimez facilement vos \u00e9tiquettes d&rsquo;exp\u00e9dition<\/li>\n<li>Recevez une facture consolid\u00e9e pour toutes vos activit\u00e9s d&rsquo;exp\u00e9dition<\/li>\n<li>Envoyez et g\u00e9rez facilement des envois \u00e0 diff\u00e9rentes destinations<\/li>\n<li>Exp\u00e9diez partout \u2013 Canada, \u00c9tats-Unis et international<\/li>\n<\/ul>\n<p>[\/vc_column_text][\/vc_column][\/vc_row][vc_row el_class=\u00a0\u00bb.eip-r4 .lato-light\u00a0\u00bb css=\u00a0\u00bb.vc_custom_1535640578951{padding-top: 40px !important;}\u00a0\u00bb][vc_column][vc_column_text]<span class=\"lato-normal uppercase-all title-blue\">Est-ce que FlagShip convient \u00e0 votre entreprise de Winnipeg? <\/span><br \/>\nSi vous exp\u00e9diez entre 1 envoi par mois et 40 envois par semaine, l&rsquo;exp\u00e9dition \u00e0 rabais est parfaite pour votre entreprise. Il est facile d&rsquo;obtenir une soumission \u2013 nous n&rsquo;avons besoin que d&rsquo;un emplacement d&rsquo;exp\u00e9dition r\u00e9gulier, incluant le code postal de collecte et d&rsquo;exp\u00e9dition, la taille et le poids du colis, ainsi que le type de service requis et nous vous montrerons instantan\u00e9ment vos prix escompt\u00e9s!<\/p>\n<p><span class=\"lato-normal uppercase-all title-blue\">Vous cherchez d&rsquo;autres solutions d&rsquo;exp\u00e9dition?<\/span><br \/>\nNous offrons de nombreux autres services en plus de notre programme d&rsquo;exp\u00e9dition \u00e0 rabais.<\/p>\n<ul>\n<li><a href=\"\/?page_id=2342\">Service de fret et de logistique LTL<\/a> pour vos gros envois.<\/li>\n<li><a href=\"\/?page_id=2348\">Int\u00e9gration de commerce \u00e9lectronique<\/a> pour relier les tarifs d&rsquo;exp\u00e9dition \u00e0 rabais de FlagShip \u00e0 votre magasin en ligne.<\/li>\n<\/ul>\n<p><span class=\"lato-normal uppercase-all title-blue\">Vos exp\u00e9ditions sont notre priorit\u00e9<\/span><br \/>\nNous appr\u00e9cions nos clients et comprenons leurs besoins, que ce soit pour quelques envois par mois ou plusieurs par jour. La r\u00e9putation de notre service \u00e0 la client\u00e8le a fait de nous la solution d\u2019exp\u00e9dition en ligne la plus appr\u00e9ci\u00e9e au Canada au fil des ans, ce qui peut expliquer sans doute pourquoi FlagShip a \u00e9t\u00e9 r\u00e9pertori\u00e9e pendant plus de 5 ann\u00e9es cons\u00e9cutives dans le TOP 500 des entreprises \u00e0 la plus forte croissance au Canada, et \u00e9galement l\u2019une des meilleures <a href=\"https:\/\/www.bestinwinnipeg.com\/best-courier-service-winnipeg\/\" target=\"_blank\" rel=\"noopener\">entreprises pour l\u2019exp\u00e9dition de Winnipeg<\/a>.[\/vc_column_text][vc_single_image image=\u00a0\u00bb14888&Prime; img_size=\u00a0\u00bb120&#215;120&Prime;][\/vc_column][\/vc_row][vc_row full_width=\u00a0\u00bbstretch_row\u00a0\u00bb el_class=\u00a0\u00bb.hp-r9&Prime; css=\u00a0\u00bb.vc_custom_1464935005953{background-color: #00aae2 !important;}\u00a0\u00bb][vc_column width=\u00a0\u00bb1\/2&Prime; el_class=\u00a0\u00bb.hp-r9-c1&Prime;][vc_raw_html]JTNDZGl2JTIwY2xhc3MlM0QlMjJocC1yOS1jMS10aXRsZTElMjIlM0VDb21tZW50JTIwZCVDMyVBOWJ1dGVyJTNDJTJGZGl2JTNFJTBBJTNDZGl2JTIwY2xhc3MlM0QlMjJocC1yOS1jMS10aXRsZTIlMjIlM0VJbnNjcml2ZXotdm91cyUyMHBvdXIlMjBvYnRlbmlyJTIwdW4lMjBjb21wdGUlMjBzYW5zJTIwb2JsaWdhdGlvbiUyMGV0JTIwc2FucyUyMG1pbmltdW0lMjAlRTIlODAlOTMlMjBjJTI3ZXN0JTIwZ3JhdHVpdCUyMGV0JTIwdm91cyUyMHBvdXZleiUyMGNvbW1lbmNlciUyMG1haW50ZW5hbnQlMjElM0MlMkZkaXYlM0UlMEElM0NkaXYlMjBjbGFzcyUzRCUyMmhwLXI5LWMxLXRpdGxlMyUyMiUzRVZvdXMlMjBhdmV6JTIwZGVzJTIwcXVlc3Rpb25zJTIwb3UlMjBhaW1lcmlleiUyMG9idGVuaXIlMjB1bmUlMjBzb3VtaXNzaW9uJTIwcG91ciUyMGxlcyUyMHNlcnZpY2VzJTIwZCUyN2V4cCVDMyVBOWRpdGlvbiUyMCVDMyVBMCUyMFdpbm5pcGVnJTNGJTIwVmV1aWxsZXolMjBub3VzJTIwYXBwZWxlciUyMGF1JTIwMSUyMDg2NiUyMDMyMC04MzgzLiUyMCUzQyUyRmElM0UlM0MlMkZkaXYlM0UlMEE=[\/vc_raw_html][\/vc_column][vc_column width=\u00a0\u00bb1\/2&Prime; el_class=\u00a0\u00bb.hp-r9-c2&Prime;][vc_column_text]<\/p>\n<div class=\"hp-r9-c2-title1\">Ouvrez un compte GRATUIT<\/div>\n<div style=\"text-align: center; margin-top: 42px;\"><a href=\"\/?page_id=2149\"><img decoding=\"async\" style=\"width: 180px;\" src=\"https:\/\/wpstaging.flagshipcompany.com\/app\/uploads\/2021\/01\/Allez-Y-Button.svg\" alt=\"\" title=\"\"><\/a><\/div>\n<p>[\/vc_column_text][\/vc_column][\/vc_row]<\/p>\n<\/section>","protected":false},"excerpt":{"rendered":"<p>[vc_row full_width=\u00a0\u00bbstretch_row_content_no_spaces\u00a0\u00bb][vc_column][vc_raw_html]JTNDZGl2JTIwY2xhc3MlM0QlMjJoZWFkZXItYm94LXJlbGF0aXZlJTIyJTNFJTBBJTBBJTNDZGl2JTIwY2xhc3MlM0QlMjJoZWFkZXItYm94LWJrZyUyMiUyMCUzRSUwQSUzQ2ltZyUyMHNyYyUzRCUyMmh0dHBzJTNBJTJGJTJGd3d3LmZsYWdzaGlwY29tcGFueS5jb20lMkYlMkZhcHAlMkZ1cGxvYWRzJTJGMjAxOCUyRjA5JTJGV2lubmVwZWctaGVhZGVyLTE2MDB4MzgwLmpwZyUyMiUyMCUyRiUzRSUwQSUzQyUyRmRpdiUzRSUwQSUwQSUzQ2RpdiUyMGNsYXNzJTNEJTIyaGVhZGVyLWNlbnRlci10ZXh0LWFic29sdXRlMiUyMiUzRSUwQSUzQ2RpdiUyMGNsYXNzJTNEJTIyaGVhZGVyLWNlbnRlci10ZXh0LWFic29sdXRlMi1pbm5lciUyMiUzRSUwQSUzQ2gxJTNFJTNDZm9udCUyMGNsYXNzJTNEJTIybGF0by1ub3JtYWwlMjIlM0VMJUUyJTgwJTk5RVhQJUMzJTg5RElUSU9OJTIwJUMzJTgwJTIwUkFCQUlTJTJDJTIwJTNDJTJGZm9udCUzRVdpbm5pcGVnJTNDJTJGaDElM0UlM0MlMkZkaXYlM0UlMEElM0MlMkZkaXYlM0UlMEElMjAlMjAlMjAlMjAlMEElM0MlMkZkaXYlM0U=[\/vc_raw_html][\/vc_column][\/vc_row][vc_row el_class=\u00a0\u00bb.eip-r1&Prime;][vc_column width=\u00a0\u00bb1\/4&Prime; el_class=\u00a0\u00bb.eip-r1-c1&Prime;][vc_single_image image=\u00a0\u00bb5798&Prime; img_size=\u00a0\u00bbfull\u00a0\u00bb alignment=\u00a0\u00bbcenter\u00a0\u00bb][vc_column_text] EXP\u00c9DITION SANS TRACAS POUR LES PME DE WINNIPEG [\/vc_column_text][\/vc_column][vc_column width=\u00a0\u00bb3\/4&Prime; el_class=\u00a0\u00bb.eip-r1-c2 .lato-light\u00a0\u00bb][vc_column_text]Votre guichet unique pour l&rsquo;exp\u00e9dition \u00e0 rabais \u00e0 Winnipeg! Avez-vous besoin d&rsquo;exp\u00e9dier des produits&#8230;<\/p>\n","protected":false},"author":5,"featured_media":0,"parent":0,"menu_order":0,"comment_status":"closed","ping_status":"closed","template":"","meta":[],"_links":{"self":[{"href":"https:\/\/wpstaging.flagshipcompany.com\/fr\/wp-json\/wp\/v2\/pages\/6181"}],"collection":[{"href":"https:\/\/wpstaging.flagshipcompany.com\/fr\/wp-json\/wp\/v2\/pages"}],"about":[{"href":"https:\/\/wpstaging.flagshipcompany.com\/fr\/wp-json\/wp\/v2\/types\/page"}],"author":[{"embeddable":true,"href":"https:\/\/wpstaging.flagshipcompany.com\/fr\/wp-json\/wp\/v2\/users\/5"}],"replies":[{"embeddable":true,"href":"https:\/\/wpstaging.flagshipcompany.com\/fr\/wp-json\/wp\/v2\/comments?post=6181"}],"version-history":[{"count":16,"href":"https:\/\/wpstaging.flagshipcompany.com\/fr\/wp-json\/wp\/v2\/pages\/6181\/revisions"}],"predecessor-version":[{"id":14898,"href":"https:\/\/wpstaging.flagshipcompany.com\/fr\/wp-json\/wp\/v2\/pages\/6181\/revisions\/14898"}],"wp:attachment":[{"href":"https:\/\/wpstaging.flagshipcompany.com\/fr\/wp-json\/wp\/v2\/media?parent=6181"}],"curies":[{"name":"wp","href":"https:\/\/api.w.org\/{rel}","templated":true}]}}