{"id":3261,"date":"2016-06-20T03:56:33","date_gmt":"2016-06-20T03:56:33","guid":{"rendered":"https:\/\/wpstaging.flagshipcompany.com\/fr\/?page_id=3261"},"modified":"2018-02-01T17:40:54","modified_gmt":"2018-02-01T17:40:54","slug":"insurance-disclaimer-excerpt","status":"publish","type":"page","link":"https:\/\/wpstaging.flagshipcompany.com\/fr\/insurance-disclaimer-excerpt\/","title":{"rendered":"insurance disclaimer"},"content":{"rendered":"<p><strong>L\u2019assurance est seulement disponible sur la pleine valeur de l\u2019exp\u00e9dition (avec co\u00fbt de transport si inclus) et le co\u00fbt sera de 1.25$ par tranche de 100$ d\u00e9clar\u00e9, avec un co\u00fbt minimal de 4.95$.\u00a0<\/strong><strong>Veuillez vous r\u00e9f\u00e9rer \u00e0 nos <a title=\"Modalit\u00e9s &amp; Conditions\" href=\"https:\/\/wpstaging.flagshipcompany.com\/fr\/modalites-conditions\">modalit\u00e9s et conditions<\/a> pour les franchises applicables ainsi que toute autre information.<\/strong><\/p>\n<p>Sans assurance sur votre exp\u00e9dition, les transporteurs couvrent la valeur jusqu&rsquo;\u00e0 environ 100$.<\/p>\n<p>Si votre marchandise est endommag\u00e9e ou perdue en transit, les transporteurs peuvent limiter leur responsabilit\u00e9.<\/p>\n<p>\u00c0 moins que vous ayez votre propre assurance cargo, nous vous recommandons fortement d&rsquo;assurer vos envois avec FlagShip.<\/p>\n<p>L&rsquo;assurance-maison de FlagShip est seulement disponible via le syst\u00e8me d&rsquo;exp\u00e9dition en ligne.<\/p>\n<p>Veuillez cliquer sur \u00ab\u00a0J&rsquo;ai lu cet avis de non-responsabilit\u00e9\u00a0\u00bb pour continuer.<\/p>\n","protected":false},"excerpt":{"rendered":"<p>L\u2019assurance est seulement disponible sur la pleine valeur de l\u2019exp\u00e9dition (avec co\u00fbt de transport si inclus) et le co\u00fbt sera de 1.25$ par tranche de 100$ d\u00e9clar\u00e9, avec un co\u00fbt minimal de 4.95$.\u00a0Veuillez&#8230;<\/p>\n","protected":false},"author":4,"featured_media":0,"parent":0,"menu_order":0,"comment_status":"closed","ping_status":"closed","template":"","meta":[],"_links":{"self":[{"href":"https:\/\/wpstaging.flagshipcompany.com\/fr\/wp-json\/wp\/v2\/pages\/3261"}],"collection":[{"href":"https:\/\/wpstaging.flagshipcompany.com\/fr\/wp-json\/wp\/v2\/pages"}],"about":[{"href":"https:\/\/wpstaging.flagshipcompany.com\/fr\/wp-json\/wp\/v2\/types\/page"}],"author":[{"embeddable":true,"href":"https:\/\/wpstaging.flagshipcompany.com\/fr\/wp-json\/wp\/v2\/users\/4"}],"replies":[{"embeddable":true,"href":"https:\/\/wpstaging.flagshipcompany.com\/fr\/wp-json\/wp\/v2\/comments?post=3261"}],"version-history":[{"count":6,"href":"https:\/\/wpstaging.flagshipcompany.com\/fr\/wp-json\/wp\/v2\/pages\/3261\/revisions"}],"predecessor-version":[{"id":5071,"href":"https:\/\/wpstaging.flagshipcompany.com\/fr\/wp-json\/wp\/v2\/pages\/3261\/revisions\/5071"}],"wp:attachment":[{"href":"https:\/\/wpstaging.flagshipcompany.com\/fr\/wp-json\/wp\/v2\/media?parent=3261"}],"curies":[{"name":"wp","href":"https:\/\/api.w.org\/{rel}","templated":true}]}}