{"id":2403,"date":"2016-05-15T15:13:46","date_gmt":"2016-05-15T15:13:46","guid":{"rendered":"http:\/\/localhost\/flagshipcompany\/fr\/?page_id=2403"},"modified":"2021-03-25T13:02:50","modified_gmt":"2021-03-25T17:02:50","slug":"carrieres","status":"publish","type":"page","link":"https:\/\/wpstaging.flagshipcompany.com\/fr\/carrieres\/","title":{"rendered":"Carri\u00e8res"},"content":{"rendered":"<section class=\"wpb-content-wrapper\"><p>[vc_row full_width=\u00a0\u00bbstretch_row_content_no_spaces\u00a0\u00bb css=\u00a0\u00bb.vc_custom_1462432753482{margin-top: 0px !important;margin-bottom: 0px !important;}\u00a0\u00bb][vc_column][vc_raw_html]JTNDZGl2JTIwY2xhc3MlM0QlMjJoZWFkZXItYm94LXJlbGF0aXZlJTIyJTNFJTBBJTBBJTNDZGl2JTIwY2xhc3MlM0QlMjJoZWFkZXItYm94LWJrZyUyMiUyMCUzRSUwQSUzQ2ltZyUyMHNyYyUzRCUyMi4uJTJGLi4lMkZhcHAlMkZ1cGxvYWRzJTJGMjAxNiUyRjA1JTJGY2FyZWVycy1wYWdlLWhlYWRlci1pbWFnZS5wbmclMjIlMjAlMkYlM0UlMEElM0MlMkZkaXYlM0UlMEElMEElM0NkaXYlMjBjbGFzcyUzRCUyMmhlYWRlci1jZW50ZXItdGV4dC1hYnNvbHV0ZSUyMiUzRUNhcnJpJUMzJUE4cmVzJTNDJTJGZm9udCUzRSUzQyUyRmRpdiUzRSUwQSUyMCUyMCUyMCUyMCUwQSUzQyUyRmRpdiUzRQ==[\/vc_raw_html][\/vc_column][\/vc_row][vc_row full_width=\u00a0\u00bbstretch_row\u00a0\u00bb css=\u00a0\u00bb.vc_custom_1462442859969{margin-bottom: 0px !important;padding-top: 45px !important;padding-bottom: 45px !important;background-color: #f9fafc !important;}\u00a0\u00bb][vc_column][vc_column_text css=\u00a0\u00bb.vc_custom_1463325261180{margin-bottom: 25px !important;}\u00a0\u00bb]<\/p>\n<h2>Carri\u00e8res<\/h2>\n<p>[\/vc_column_text][vc_column_text el_class=\u00a0\u00bb.lato-light\u00a0\u00bb]Chez FlagShip, nous ne poursuivons qu\u2019un seul objectif : cr\u00e9er des exp\u00e9riences d\u2019exp\u00e9dition faciles et positives pour nos clients. Chaque jour, nous travaillons ensemble pour cr\u00e9er des solutions ciblant cet objectif.<\/p>\n<p>Nous savons toutefois que les solutions et les innovations ne se cr\u00e9ent pas spontan\u00e9ment. Vous avez besoin de soutien, d\u2019encouragement et de motivation, et nous ferons de notre mieux pour vous offrir cet appui. Depuis notre espace physique, en passant par nos philosophies et les interactions entre les membres de l\u2019\u00e9quipe et avec nos clients, nous cherchons \u00e0 cr\u00e9er une culture positive et \u00e0 inspirer de nouvelles id\u00e9es qui se traduiront par un service rehauss\u00e9 pour nos clients.<\/p>\n<p>Notre famille s\u2019agrandit. D\u00e9couvrez nos plus r\u00e9centes offres d\u2019emploi et envisagez de vous joindre \u00e0 nous. Nous esp\u00e9rons pouvoir vous compter parmi notre famille.[\/vc_column_text][\/vc_column][\/vc_row][vc_row css=\u00a0\u00bb.vc_custom_1464682173992{margin-top: 0px !important;margin-bottom: 0px !important;padding-top: 45px !important;padding-bottom: 45px !important;}\u00a0\u00bb el_class=\u00a0\u00bb.cp-r2&Prime;][vc_column][vc_column_text css=\u00a0\u00bb.vc_custom_1463632572602{margin-bottom: 40px !important;}\u00a0\u00bb]<\/p>\n<div class=\"careers-r2-title\">Positions disponibles<\/div>\n<p>[\/vc_column_text][vc_column_text css_animation=\u00a0\u00bbleft-to-right\u00a0\u00bb]<\/p>\n<h2>Programmeur Analyste PHP<\/h2>\n<p>Le programmeur analyste fera partie d&rsquo;une division passionnante en d\u00e9veloppement \u00e0 FlagShip.<br \/>\nAssociez vos id\u00e9es technologiques avanc\u00e9es avec le leader de la solution d&rsquo;exp\u00e9dition en ligne du Canada.<br \/>\n\u00c0 FlagShip votre objectif principal sera de travailler sur notre syst\u00e8me Web int\u00e9gr\u00e9 en PHP 7 avec Silex;<br \/>\nde la conception de nouveaux outils pour l&rsquo;entreprise d&rsquo;explorer les options et d\u00e9velopper des solutions pour faire \u00e9voluer le syst\u00e8me d&rsquo;exp\u00e9dition en ligne de FlagShip.<br \/>\nSi vous avez une belle personnalit\u00e9 et que vous voulez vous mettre au d\u00e9fi sur un syst\u00e8me en ligne avanc\u00e9, s&rsquo;il vous pla\u00eet, appliquez!<br \/>\nNous cherchons \u00e0 combler imm\u00e9diatement cette position.<\/p>\n<p>Profil id\u00e9al:<\/p>\n<ul>\n<li>la programmation est une passion!<\/li>\n<li>Conna\u00eet PHP 7 et a une forte compr\u00e9hension des concepts POO<\/li>\n<li>Bonne connaissance de JavaScript et CSS<\/li>\n<li>Bonne connaissance des SGBDR, MySQL sp\u00e9cifiquement.<\/li>\n<li>Form\u00e9 d&rsquo;un dipl\u00f4me universitaire en g\u00e9nie informatique ou \u00e9quivalent<\/li>\n<li>Connaissances de Symfony2 , Silex, Twig est un plus<\/li>\n<li>Parfaitement bilingue<\/li>\n<\/ul>\n<p>Comment appliquer? Envoyer votre CV\u00a0\u00e0\u00a0<a href=\"mailto:careers_it@flagshipcompany.com\"><span class=\"s1\">careers_it@flagshipcompany.com<\/span><\/a><\/p>\n<h2>Int\u00e9grateur Web<\/h2>\n<p>L&rsquo;int\u00e9grateur web fera partie d&rsquo;une division passionnante en d\u00e9veloppement \u00e0 FlagShip.<br \/>\nAssociez vos id\u00e9es technologiques avanc\u00e9es avec le leader de la solution d&rsquo;exp\u00e9dition en ligne du Canada.<br \/>\n\u00c0 FlagShip votre objectif principal sera de travailler sur le UI de nos diff\u00e9rents syst\u00e8mes et s&rsquo;assurer de l&rsquo;uniformit\u00e9 du langage visuel de la marque. Cela inclut Twig, WordPress, Emails, etc.<\/p>\n<p>Si vous avez une belle personnalit\u00e9 et que vous voulez vous mettre au d\u00e9fi sur un syst\u00e8me en ligne avanc\u00e9, s&rsquo;il vous pla\u00eet, appliquez!<br \/>\nNous cherchons \u00e0 combler imm\u00e9diatement cette position.<\/p>\n<p>Profil id\u00e9al:<\/p>\n<ul>\n<li>La technologie et le design\u00a0sont une passion!<\/li>\n<li>Excellente ma\u00eetrise du CSS\/HTML5<\/li>\n<li>Excellente ma\u00eetrise de Javascript (jQuery, React, Vue.JS ou similaire)<\/li>\n<li>Exp\u00e9riment\u00e9 avec les langage de templating comme Twig, Blade, Smarty&#8230;<\/li>\n<li>Exp\u00e9rience avec SASS\/LESS, Gulp ou Grunt<\/li>\n<li>\u00catre capable de se d\u00e9brouiller en PHP est un gros plus<\/li>\n<li>2-3 ans d&rsquo;exp\u00e9rience professionnelle<\/li>\n<li>Bilinguisme requis.<\/li>\n<\/ul>\n<p>Comment appliquer? Envoyer votre CV\u00a0<strong>et\u00a0<\/strong>portfolio de vos r\u00e9alisations \u00e0\u00a0<a href=\"mailto:careers_it@flagshipcompany.com\"><span class=\"s1\">careers_it@flagshipcompany.com<\/span><\/a><\/p>\n<p><!-- careers_IT@flagshipcompany.com is where you want to send your resume! -->[\/vc_column_text][\/vc_column][\/vc_row]<\/p>\n<\/section>","protected":false},"excerpt":{"rendered":"<p>[vc_row full_width=\u00a0\u00bbstretch_row_content_no_spaces\u00a0\u00bb css=\u00a0\u00bb.vc_custom_1462432753482{margin-top: 0px !important;margin-bottom: 0px !important;}\u00a0\u00bb][vc_column][vc_raw_html]JTNDZGl2JTIwY2xhc3MlM0QlMjJoZWFkZXItYm94LXJlbGF0aXZlJTIyJTNFJTBBJTBBJTNDZGl2JTIwY2xhc3MlM0QlMjJoZWFkZXItYm94LWJrZyUyMiUyMCUzRSUwQSUzQ2ltZyUyMHNyYyUzRCUyMi4uJTJGLi4lMkZhcHAlMkZ1cGxvYWRzJTJGMjAxNiUyRjA1JTJGY2FyZWVycy1wYWdlLWhlYWRlci1pbWFnZS5wbmclMjIlMjAlMkYlM0UlMEElM0MlMkZkaXYlM0UlMEElMEElM0NkaXYlMjBjbGFzcyUzRCUyMmhlYWRlci1jZW50ZXItdGV4dC1hYnNvbHV0ZSUyMiUzRUNhcnJpJUMzJUE4cmVzJTNDJTJGZm9udCUzRSUzQyUyRmRpdiUzRSUwQSUyMCUyMCUyMCUyMCUwQSUzQyUyRmRpdiUzRQ==[\/vc_raw_html][\/vc_column][\/vc_row][vc_row full_width=\u00a0\u00bbstretch_row\u00a0\u00bb css=\u00a0\u00bb.vc_custom_1462442859969{margin-bottom: 0px !important;padding-top: 45px !important;padding-bottom: 45px !important;background-color: #f9fafc !important;}\u00a0\u00bb][vc_column][vc_column_text css=\u00a0\u00bb.vc_custom_1463325261180{margin-bottom: 25px !important;}\u00a0\u00bb] Carri\u00e8res [\/vc_column_text][vc_column_text el_class=\u00a0\u00bb.lato-light\u00a0\u00bb]Chez FlagShip, nous ne poursuivons qu\u2019un seul objectif : cr\u00e9er des&#8230;<\/p>\n","protected":false},"author":5,"featured_media":0,"parent":0,"menu_order":0,"comment_status":"closed","ping_status":"closed","template":"","meta":[],"_links":{"self":[{"href":"https:\/\/wpstaging.flagshipcompany.com\/fr\/wp-json\/wp\/v2\/pages\/2403"}],"collection":[{"href":"https:\/\/wpstaging.flagshipcompany.com\/fr\/wp-json\/wp\/v2\/pages"}],"about":[{"href":"https:\/\/wpstaging.flagshipcompany.com\/fr\/wp-json\/wp\/v2\/types\/page"}],"author":[{"embeddable":true,"href":"https:\/\/wpstaging.flagshipcompany.com\/fr\/wp-json\/wp\/v2\/users\/5"}],"replies":[{"embeddable":true,"href":"https:\/\/wpstaging.flagshipcompany.com\/fr\/wp-json\/wp\/v2\/comments?post=2403"}],"version-history":[{"count":21,"href":"https:\/\/wpstaging.flagshipcompany.com\/fr\/wp-json\/wp\/v2\/pages\/2403\/revisions"}],"predecessor-version":[{"id":12842,"href":"https:\/\/wpstaging.flagshipcompany.com\/fr\/wp-json\/wp\/v2\/pages\/2403\/revisions\/12842"}],"wp:attachment":[{"href":"https:\/\/wpstaging.flagshipcompany.com\/fr\/wp-json\/wp\/v2\/media?parent=2403"}],"curies":[{"name":"wp","href":"https:\/\/api.w.org\/{rel}","templated":true}]}}