{"id":2313,"date":"2016-05-14T11:42:23","date_gmt":"2016-05-14T11:42:23","guid":{"rendered":"http:\/\/localhost\/flagshipcompany\/fr\/?page_id=2313"},"modified":"2021-10-15T09:45:32","modified_gmt":"2021-10-15T13:45:32","slug":"services-de-messagerie","status":"publish","type":"page","link":"https:\/\/wpstaging.flagshipcompany.com\/fr\/services-de-messagerie\/","title":{"rendered":"Services de messagerie"},"content":{"rendered":"<section class=\"wpb-content-wrapper\"><p>[vc_row full_width=\u00a0\u00bbstretch_row_content_no_spaces\u00a0\u00bb][vc_column][vc_raw_html]JTNDZGl2JTIwY2xhc3MlM0QlMjJoZWFkZXItYm94LXJlbGF0aXZlJTIyJTNFJTBBJTBBJTNDZGl2JTIwY2xhc3MlM0QlMjJoZWFkZXItYm94LWJrZyUyMiUyMCUzRSUwQSUzQ2ltZyUyMHNyYyUzRCUyMi4uJTJGLi4lMkZhcHAlMkZ1cGxvYWRzJTJGMjAxNiUyRjA1JTJGY291cmllci1zZXJ2aWNlLWhlYWRlci1pbWFnZS0yLnBuZyUyMiUyMCUyRiUzRSUwQSUzQyUyRmRpdiUzRSUwQSUwQSUzQ2RpdiUyMGNsYXNzJTNEJTIyaGVhZGVyLWNlbnRlci10ZXh0LWFic29sdXRlJTIyJTNFJTNDaDElM0VTZXJ2aWNlJTIwJTNDZm9udCUyMGNsYXNzJTNEJTIybGF0by1ub3JtYWwlMjIlM0VkZSUyMG1lc3NhZ2VyaWUlM0MlMkZmb250JTNFJTNDJTJGaDElM0UlM0MlMkZkaXYlM0UlMEElMjAlMjAlMjAlMjAlMEElM0MlMkZkaXYlM0U=[\/vc_raw_html][\/vc_column][\/vc_row][vc_row el_class=\u00a0\u00bb.csp-r1&Prime;][vc_column width=\u00a0\u00bb1\/4&Prime; el_class=\u00a0\u00bb.csp-r1-c1&Prime;][vc_column_text]<\/p>\n<h2 style=\"color: #575756 !important;\">\u00c9conomisez temps et argent \u00e0 chaque envoi par messagerie<\/h2>\n<p>[\/vc_column_text][vc_column_text]<\/p>\n<div class=\"eip-btn2\"><a href=\"https:\/\/wpstaging.flagshipcompany.com\/fr\/inscrivez-vous\/\">Cr\u00e9er un compte<\/a><\/div>\n<p>[\/vc_column_text][\/vc_column][vc_column width=\u00a0\u00bb3\/4&Prime; el_class=\u00a0\u00bb.csp-r1-c2&Prime;][vc_column_text]L\u2019exp\u00e9dition est une partie importante de votre entreprise. En tant que petite ou moyenne entreprise, m\u00eame si vous n\u2019avez pas le volume dont disposent les entreprises de plus grande taille, vous m\u00e9ritez tout de m\u00eame de profiter de tarifs abordables et d\u2019un syst\u00e8me convivial qui rend l\u2019exp\u00e9dition rapide et simple. C\u2019est l\u00e0 qu\u2019intervient FlagShip.[\/vc_column_text][\/vc_column][\/vc_row][vc_row full_width=\u00a0\u00bbstretch_row\u00a0\u00bb el_class=\u00a0\u00bb.csp-r2&Prime; css=\u00a0\u00bb.vc_custom_1463923868358{background-color: #f6f5f5 !important;}\u00a0\u00bb][vc_column width=\u00a0\u00bb1\/3&Prime; el_class=\u00a0\u00bb.csp-r2-c1&Prime;][vc_single_image image=\u00a0\u00bb2632&Prime; img_size=\u00a0\u00bbfull\u00a0\u00bb alignment=\u00a0\u00bbcenter\u00a0\u00bb][vc_column_text el_class=\u00a0\u00bb.lato-light\u00a0\u00bb css=\u00a0\u00bb.vc_custom_1591209817062{margin-bottom: 0px !important;padding-bottom: 0px !important;}\u00a0\u00bb]<\/p>\n<div class=\"csp-r2-title\">Tarifs d\u2019exp\u00e9dition escompt\u00e9s<\/div>\n<p>FlagShip est l\u2019une des entreprises chef de file au Canada en mati\u00e8re d\u2019exp\u00e9dition \u00e0 rabais. Comment pouvons-nous offrir ces excellents tarifs de messagerie ? Nous entretenons des relations sp\u00e9ciales avec les entreprises de messagerie les plus importantes et les plus fiables de l\u2019industrie, y compris Purolator, UPS, FedEx, DHL, Canpar et GLS. Nous travaillons r\u00e9guli\u00e8rement avec ces entreprises pour n\u00e9gocier des rabais de volume sur l\u2019exp\u00e9dition, puis nous vous transmettons ces \u00e9conomies. C\u2019est facile.[\/vc_column_text][vc_column_text css=\u00a0\u00bb.vc_custom_1543935167376{margin-top: 10px !important;margin-bottom: 0px !important;padding-top: 0px !important;padding-bottom: 0px !important;}\u00a0\u00bb]<b>Calculez et comparez les tarifs r\u00e9duits des principales entreprises d\u2019exp\u00e9dition au Canada :<\/b>[\/vc_column_text][vc_single_image image=\u00a0\u00bb13693&Prime; img_size=\u00a0\u00bbfull\u00a0\u00bb css=\u00a0\u00bb.vc_custom_1634305528778{margin-top: 15px !important;padding-top: 0px !important;}\u00a0\u00bb][\/vc_column][vc_column width=\u00a0\u00bb1\/3&Prime; el_class=\u00a0\u00bb.csp-r2-c2&Prime;][vc_single_image image=\u00a0\u00bb2634&Prime; img_size=\u00a0\u00bbfull\u00a0\u00bb alignment=\u00a0\u00bbcenter\u00a0\u00bb][vc_column_text el_class=\u00a0\u00bb.lato-light\u00a0\u00bb]<\/p>\n<div class=\"csp-r2-title\"><span lang=\"FR-CA\">Exp\u00e9diez partout o\u00f9 vont les courriers<\/span><\/div>\n<p>Les tarifs de messagerie \u00e0 rabais ne signifient toutefois pas que vous avez des options limit\u00e9es. Avec FlagShip, vous pouvez choisir entre plusieurs services r\u00e9guliers qu\u2019offrent nos partenaires de messagerie. Ces services incluent l\u2019exp\u00e9dition au Canada, aux \u00c9tats-Unis et partout dans le monde. De plus, nous offrons des options de services d\u2019importation afin que vous puissiez obtenir les biens dont vous avez besoin.[\/vc_column_text][\/vc_column][vc_column width=\u00a0\u00bb1\/3&Prime; el_class=\u00a0\u00bb.csp-r2-c3&Prime;][vc_single_image image=\u00a0\u00bb2636&Prime; img_size=\u00a0\u00bbfull\u00a0\u00bb alignment=\u00a0\u00bbcenter\u00a0\u00bb][vc_column_text el_class=\u00a0\u00bb.lato-light\u00a0\u00bb]<\/p>\n<div class=\"csp-r2-title\"><span lang=\"FR-CA\">Comparez les tarifs et exp\u00e9diez en ligne<\/span><\/div>\n<p>Le syst\u00e8me d\u2019exp\u00e9dition en ligne exclusif \u00e0 FlagShip vous permet en toute facilit\u00e9 de voir et de comparer les tarifs et les services des principales entreprises de messagerie \u2013 \u00e0 un seul endroit \u2013 et de choisir ce qui vous convient. Ensuite, il ne vous reste qu\u2019\u00e0 confirmer et compl\u00e9ter votre demande d\u2019exp\u00e9dition en quelques clics suppl\u00e9mentaires. Voyez comment fonctionne <a href=\"..\/expedier-avec-flagship\/\">notre syst\u00e8me en ligne<\/a>.<\/p>\n<p>Nos services de messagerie vous permettent en toute facilit\u00e9 d\u2019exp\u00e9dier et de r\u00e9aliser des \u00e9conomies. Ouvrez un compte FlagShip gratuit et sans aucune obligation* d\u00e8s aujourd\u2019hui.<\/p>\n<p>*L\u2019approbation pour l\u2019ouverture de nouveaux comptes est sujette \u00e0 la seule discr\u00e9tion de Solutions Courrier FlagShip inc.[\/vc_column_text][\/vc_column][\/vc_row][vc_row el_class=\u00a0\u00bb.csp-r3&Prime;][vc_column width=\u00a0\u00bb7\/12&Prime; el_class=\u00a0\u00bb.csp-r3-c1 .lato-light\u00a0\u00bb][vc_column_text]<\/p>\n<div class=\"csp-r3-c1-title\">Vous avez besoin d\u2019une assurance exp\u00e9dition ? Nous avons ce qu\u2019il vous faut<\/div>\n<div class=\"csp-r3-c1-info\">\n<p>Si la valeur de votre envoi d\u00e9passe 100 $, vous pourriez songer \u00e0 ajouter une assurance afin de prot\u00e9ger votre investissement. FlagShip offre une assurance maison qui permet de prot\u00e9ger votre envoi contre la perte et les dommages. Cette assurance comprend ce qui suit :<\/p>\n<\/div>\n<ul>\n<li>D\u2019excellents tarifs d\u2019assurance tant pour les petits colis individuels exp\u00e9di\u00e9s par messagerie que pour le fret sur palette. Notre tarif est de 1,25 $ par 100 $, comparativement \u00e0 3,50 $ par 100 $ si vous achetez l\u2019assurance directement aupr\u00e8s des entreprises de messagerie. Voil\u00e0 d\u2019\u00e9normes \u00e9conomies !<\/li>\n<li>Traitement des r\u00e9clamations efficace et sans tracas.<\/li>\n<li>Un seul num\u00e9ro pour tous les probl\u00e8mes ou toutes les questions.<\/li>\n<\/ul>\n<p>Pour en apprendre plus, appelez FlagShip au <a href=\"tel:1-866-320-8383\">1-866-320-8383<\/a> ou envoyez-nous un courriel \u00e0 l\u2019adresse <a href=\"mailto:support@flagshipcompany.com\">support@flagshipcompany.com<\/a>[\/vc_column_text][\/vc_column][vc_column width=\u00a0\u00bb5\/12&Prime; el_class=\u00a0\u00bb.csp-r3-c2&Prime;][vc_single_image image=\u00a0\u00bb1957&Prime; img_size=\u00a0\u00bbfull\u00a0\u00bb][\/vc_column][\/vc_row]<\/p>\n<\/section>","protected":false},"excerpt":{"rendered":"<p>[vc_row full_width=\u00a0\u00bbstretch_row_content_no_spaces\u00a0\u00bb][vc_column][vc_raw_html]JTNDZGl2JTIwY2xhc3MlM0QlMjJoZWFkZXItYm94LXJlbGF0aXZlJTIyJTNFJTBBJTBBJTNDZGl2JTIwY2xhc3MlM0QlMjJoZWFkZXItYm94LWJrZyUyMiUyMCUzRSUwQSUzQ2ltZyUyMHNyYyUzRCUyMi4uJTJGLi4lMkZhcHAlMkZ1cGxvYWRzJTJGMjAxNiUyRjA1JTJGY291cmllci1zZXJ2aWNlLWhlYWRlci1pbWFnZS0yLnBuZyUyMiUyMCUyRiUzRSUwQSUzQyUyRmRpdiUzRSUwQSUwQSUzQ2RpdiUyMGNsYXNzJTNEJTIyaGVhZGVyLWNlbnRlci10ZXh0LWFic29sdXRlJTIyJTNFJTNDaDElM0VTZXJ2aWNlJTIwJTNDZm9udCUyMGNsYXNzJTNEJTIybGF0by1ub3JtYWwlMjIlM0VkZSUyMG1lc3NhZ2VyaWUlM0MlMkZmb250JTNFJTNDJTJGaDElM0UlM0MlMkZkaXYlM0UlMEElMjAlMjAlMjAlMjAlMEElM0MlMkZkaXYlM0U=[\/vc_raw_html][\/vc_column][\/vc_row][vc_row el_class=\u00a0\u00bb.csp-r1&Prime;][vc_column width=\u00a0\u00bb1\/4&Prime; el_class=\u00a0\u00bb.csp-r1-c1&Prime;][vc_column_text] \u00c9conomisez temps et argent \u00e0 chaque envoi par messagerie [\/vc_column_text][vc_column_text] Cr\u00e9er un compte [\/vc_column_text][\/vc_column][vc_column width=\u00a0\u00bb3\/4&Prime; el_class=\u00a0\u00bb.csp-r1-c2&Prime;][vc_column_text]L\u2019exp\u00e9dition est une partie importante de votre entreprise. En tant que petite ou&#8230;<\/p>\n","protected":false},"author":5,"featured_media":0,"parent":0,"menu_order":0,"comment_status":"closed","ping_status":"closed","template":"","meta":[],"_links":{"self":[{"href":"https:\/\/wpstaging.flagshipcompany.com\/fr\/wp-json\/wp\/v2\/pages\/2313"}],"collection":[{"href":"https:\/\/wpstaging.flagshipcompany.com\/fr\/wp-json\/wp\/v2\/pages"}],"about":[{"href":"https:\/\/wpstaging.flagshipcompany.com\/fr\/wp-json\/wp\/v2\/types\/page"}],"author":[{"embeddable":true,"href":"https:\/\/wpstaging.flagshipcompany.com\/fr\/wp-json\/wp\/v2\/users\/5"}],"replies":[{"embeddable":true,"href":"https:\/\/wpstaging.flagshipcompany.com\/fr\/wp-json\/wp\/v2\/comments?post=2313"}],"version-history":[{"count":35,"href":"https:\/\/wpstaging.flagshipcompany.com\/fr\/wp-json\/wp\/v2\/pages\/2313\/revisions"}],"predecessor-version":[{"id":13695,"href":"https:\/\/wpstaging.flagshipcompany.com\/fr\/wp-json\/wp\/v2\/pages\/2313\/revisions\/13695"}],"wp:attachment":[{"href":"https:\/\/wpstaging.flagshipcompany.com\/fr\/wp-json\/wp\/v2\/media?parent=2313"}],"curies":[{"name":"wp","href":"https:\/\/api.w.org\/{rel}","templated":true}]}}