{"id":2286,"date":"2016-05-14T10:33:47","date_gmt":"2016-05-14T10:33:47","guid":{"rendered":"http:\/\/localhost\/flagshipcompany\/fr\/?page_id=2286"},"modified":"2020-06-03T17:53:39","modified_gmt":"2020-06-03T17:53:39","slug":"expedier-avec-flagship","status":"publish","type":"page","link":"https:\/\/wpstaging.flagshipcompany.com\/fr\/expedier-avec-flagship\/","title":{"rendered":"Exp\u00e9dier avec FlagShip"},"content":{"rendered":"<section class=\"wpb-content-wrapper\"><p>[vc_row full_width=\u00a0\u00bbstretch_row\u00a0\u00bb el_class=\u00a0\u00bb.wwfp-r1&Prime; css=\u00a0\u00bb.vc_custom_1464625236445{background-color: #00aae3 !important;}\u00a0\u00bb][vc_column][vc_column_text]<\/p>\n<div class=\"wwfp-r1-title\">FlagShip, la simplicit\u00e9<\/div>\n<div class=\"wwfp-r1-info\">\n<p>Lorsque vient le temps d\u2019exp\u00e9dier vos colis, que ce soit \u00e0 l\u2019autre bout du monde ou de la ville, nous sommes l\u00e0 pour vous. Le syst\u00e8me d\u2019exp\u00e9dition en ligne de FlagShip facilitera toutes vos activit\u00e9s d\u2019exp\u00e9dition, vous permettant ainsi de passer moins de temps \u00e0 exp\u00e9dier, et plus de temps \u00e0 vous consacrer \u00e0 vos activit\u00e9s importantes.<\/p>\n<p>L\u2019exp\u00e9dition de vos colis peut se faire en quelques \u00e9tapes simples. Tout d\u2019abord, il vous suffit d\u2019ouvrir un <a href=\"..\/inscrivez-vous\/\"><b>compte FlagShip<\/b><\/a> et de suivre ce guide convivial pour r\u00e9aliser votre premier envoi.<\/p>\n<\/div>\n<p>[\/vc_column_text][\/vc_column][\/vc_row][vc_row gap=\u00a0\u00bb35&Prime; el_class=\u00a0\u00bb.wwfp-r2&Prime;][vc_column width=\u00a0\u00bb5\/12&Prime; el_class=\u00a0\u00bb.wwfp-r2-c1&Prime;][vc_single_image image=\u00a0\u00bb1857&Prime; img_size=\u00a0\u00bbfull\u00a0\u00bb][\/vc_column][vc_column width=\u00a0\u00bb7\/12&Prime; el_class=\u00a0\u00bb.wwfp-r2-c2&Prime;][vc_column_text]<\/p>\n<div class=\"wwfp-r2-c2-title\">PREMI\u00c8RE \u00c9TAPE : CONFIGUREZ VOTRE ENVOI<\/div>\n<div class=\"wwfp-r2-c2-info\">\n<p>\u00cates-vous pr\u00eat ? Ouvrir une <a href=\"..\/connexion\/\">session<\/a> vers le syst\u00e8me d\u2019exp\u00e9dition en ligne de FlagShip. (Vous n\u2019avez pas encore de compte ? <a href=\"..\/inscrivez-vous\/\">Ouvrez-en un d\u00e8s maintenant.<\/a><\/p>\n<p>Une fois la session ouverte dans le syst\u00e8me d\u2019exp\u00e9dition de FlagShip, vous pouvez entrer tous les renseignements cl\u00e9s au sujet de votre envoi, y compris :<\/p>\n<ul>\n<li>La destination<\/li>\n<li>La taille et le poids du colis<\/li>\n<li>Des instructions sp\u00e9ciales<\/li>\n<\/ul>\n<p>Ces renseignements sont importants puisqu\u2019ils nous aideront \u00e0 vous trouver les meilleurs tarifs disponibles qui r\u00e9pondront \u00e0 vos besoins.<\/p>\n<\/div>\n<p>[\/vc_column_text][\/vc_column][\/vc_row][vc_row full_width=\u00a0\u00bbstretch_row\u00a0\u00bb gap=\u00a0\u00bb35&Prime; el_class=\u00a0\u00bb.wwfp-r3&Prime; css=\u00a0\u00bb.vc_custom_1462606357246{background-color: #f2f2f2 !important;}\u00a0\u00bb][vc_column width=\u00a0\u00bb7\/12&Prime; el_class=\u00a0\u00bb.wwfp-r3-c1&Prime;][vc_column_text]<\/p>\n<div class=\"wwfp-r3-c1-title\">DEUXI\u00c8ME \u00c9TAPE : COMPAREZ LES TARIFS, \u00c0 UN SEUL ENDROIT<\/div>\n<div class=\"wwfp-r3-c1-info\">\n<p>Une comparaison des tarifs, des services et des dates de livraison pr\u00e9vues des principales entreprises de messagerie (Purolator, UPS, FedEx, DHL, Canpar et GLS) s\u2019affichera \u00e0 l\u2019\u00e9cran suivant. Tout s\u2019affiche sur un seul \u00e9cran afin que vous puissiez comparer et choisir rapidement et en toute facilit\u00e9. Le syst\u00e8me de FlagShip mettra en surbrillance l\u2019option offrant le meilleur tarif, mais la d\u00e9cision finale vous revient.<\/p>\n<p>Pourquoi est-ce une bonne id\u00e9e de magasiner les tarifs ? Pour vous faire \u00e9conomiser de l\u2019argent. Le syst\u00e8me d\u2019exp\u00e9dition en ligne de FlagShip vous assure que vous b\u00e9n\u00e9ficiez des tarifs les plus abordables et d\u2019excellents rabais \u00e0 chaque envoi. Et, puisque tout est pr\u00e9sent\u00e9 \u00e0 un seul endroit, vous n\u2019avez pas \u00e0 passer du temps \u00e0 faire des recherches sur de nombreux sites, en passant d\u2019un \u00e9cran \u00e0 l\u2019autre et en d\u00e9m\u00ealant les options qui s\u2019offrent \u00e0 vous. Nous faisons le travail pour vous, ce qui vous fait \u00e9galement gagner du temps !<\/p>\n<\/div>\n<p>[\/vc_column_text][\/vc_column][vc_column width=\u00a0\u00bb5\/12&Prime; el_class=\u00a0\u00bb.wwfp-r3-c2&Prime;][vc_single_image image=\u00a0\u00bb1869&Prime; img_size=\u00a0\u00bbfull\u00a0\u00bb][\/vc_column][\/vc_row][vc_row gap=\u00a0\u00bb35&Prime; el_class=\u00a0\u00bb.wwfp-r4&Prime;][vc_column width=\u00a0\u00bb5\/12&Prime; el_class=\u00a0\u00bb.wwfp-r4-c1&Prime;][vc_single_image image=\u00a0\u00bb1873&Prime; img_size=\u00a0\u00bbfull\u00a0\u00bb][\/vc_column][vc_column width=\u00a0\u00bb7\/12&Prime; el_class=\u00a0\u00bb.wwfp-r4-c2&Prime;][vc_column_text]<\/p>\n<div class=\"wwfp-r4-c2-title\">TROISI\u00c8ME \u00c9TAPE : APPROUVEZ ET CONFIRMEZ<\/div>\n<div class=\"wwfp-r4-c2-info\">\n<p>Vous avez configur\u00e9 votre envoi, choisi le tarif, le service et l\u2019entreprise de messagerie qui vous conviennent. Ensuite ? V\u00e9rifiez le tout \u00e0 nouveau pour vous assurer que tous les \u00e9l\u00e9ments sont exacts.<\/p>\n<p>Le syst\u00e8me d\u2019exp\u00e9dition en ligne de FlagShip affichera une page d\u2019aper\u00e7u comprenant tous les renseignements d\u00e9taill\u00e9s que vous avez entr\u00e9s. Veuillez la v\u00e9rifier attentivement. S\u2019il y a une erreur, il vous suffit de revenir en arri\u00e8re et de la corriger; vous n\u2019aurez pas \u00e0 tout recommencer du d\u00e9but. Lorsque les renseignements sont corrects, cliquez sur \u00ab Approuver et Confirmer \u00bb. Votre colis est pratiquement pr\u00eat \u00e0 \u00eatre exp\u00e9di\u00e9.<\/p>\n<p>Vous pouvez ensuite visualiser et imprimer des \u00e9tiquettes pour vos colis. Si vous avez fait une erreur, ou s\u2019il y a des changements, vous pouvez annuler un envoi en seulement un clic.<\/p>\n<\/div>\n<p>[\/vc_column_text][\/vc_column][\/vc_row][vc_row full_width=\u00a0\u00bbstretch_row\u00a0\u00bb gap=\u00a0\u00bb35&Prime; equal_height=\u00a0\u00bbyes\u00a0\u00bb content_placement=\u00a0\u00bbmiddle\u00a0\u00bb el_class=\u00a0\u00bb.wwfp-r5&Prime; css=\u00a0\u00bb.vc_custom_1462609061229{background-color: #f2f2f2 !important;}\u00a0\u00bb][vc_column width=\u00a0\u00bb7\/12&Prime; el_class=\u00a0\u00bb.wwfp-r5-c1&Prime;][vc_column_text]<\/p>\n<div class=\"wwfp-r5-c1-title\">QUATRI\u00c8ME \u00c9TAPE : RAMASSAGE FACILE PAR L\u2019ENTREPRISE DE MESSAGERIE<\/div>\n<div class=\"wwfp-r5-c1-info\">\n<p>\u00c0 partir de ce moment, votre envoi est trait\u00e9 par l\u2019entreprise de messagerie que vous avez choisie. Par exemple, si vous avez choisi l\u2019entreprise de messagerie Purolator, un chauffeur de Purolator viendra ramasser votre envoi et veillera \u00e0 ce qu\u2019il se rende \u00e0 destination.<\/p>\n<\/div>\n<p>[\/vc_column_text][\/vc_column][vc_column width=\u00a0\u00bb5\/12&Prime; el_class=\u00a0\u00bb.wwfp-r5-c2&Prime;][vc_single_image image=\u00a0\u00bb1876&Prime; img_size=\u00a0\u00bbfull\u00a0\u00bb][\/vc_column][\/vc_row][vc_row gap=\u00a0\u00bb35&Prime; el_class=\u00a0\u00bb.wwfp-r6&Prime;][vc_column width=\u00a0\u00bb5\/12&Prime; el_class=\u00a0\u00bb.wwfp-r6-c1&Prime;][vc_single_image image=\u00a0\u00bb2657&Prime; img_size=\u00a0\u00bbfull\u00a0\u00bb][\/vc_column][vc_column width=\u00a0\u00bb7\/12&Prime; el_class=\u00a0\u00bb.wwfp-r6-c2&Prime;][vc_column_text]<\/p>\n<div class=\"wwfp-r6-c2-title\">CINQUI\u00c8ME \u00c9TAPE : G\u00c9REZ VOS ENVOIS ET VOTRE COMPTE<\/div>\n<div class=\"wwfp-r6-c2-info\">\n<p>Qu\u2019arrive-t-il par la suite lorsque votre envoi n\u2019est plus entre vos mains ? FlagShip est l\u00e0 pour vous, \u00e0 chaque \u00e9tape.<\/p>\n<ul>\n<li>Faites le suivi de vos envois : assurez-vous qu\u2019ils arrivent \u00e0 temps et \u00e0 la bonne destination.<\/li>\n<li>G\u00e9rez vos renseignements financiers, notamment en visualisant et en payant vos factures en ligne, en obtenant des soumissions pour vos importations, et bien plus.<\/li>\n<li>Pour vous assurer d\u2019\u00eatre pr\u00eat chaque fois que vous avez un envoi, vous pouvez en toute facilit\u00e9 ajouter des utilisateurs, cr\u00e9er et g\u00e9rer un carnet d\u2019adresses complet, commander des fournitures et plus.<\/li>\n<\/ul>\n<\/div>\n<p>[\/vc_column_text][\/vc_column][\/vc_row][vc_row full_width=\u00a0\u00bbstretch_row\u00a0\u00bb gap=\u00a0\u00bb35&Prime; el_class=\u00a0\u00bb.wwfp-r7&Prime; css=\u00a0\u00bb.vc_custom_1462611378343{background-color: #f2f2f2 !important;}\u00a0\u00bb][vc_column width=\u00a0\u00bb7\/12&Prime; el_class=\u00a0\u00bb.wwfp-r7-c1&Prime;][vc_column_text]<\/p>\n<div class=\"wwfp-r7-c1-title\">SIXI\u00c8ME \u00c9TAPE : FlagShip REND L\u2019EXP\u00c9DITION FACILE, \u00c0 TOUT COUP<\/div>\n<div class=\"wwfp-r7-c1-info\">\n<p>Suivez ces \u00e9tapes simples et vos activit\u00e9s d\u2019exp\u00e9dition devraient se d\u00e9rouler sans soucis \u00e0 tout coup. Mais, des situations inattendues peuvent parfois survenir. Lorsque vous \u00eates bloqu\u00e9, ou s\u2019il y a quelque chose qui cloche, appelez l\u2019\u00e9quipe amicale et comp\u00e9tente de notre service \u00e0 la client\u00e8le, qui est disponible m\u00eame apr\u00e8s les heures d\u2019ouverture, pour r\u00e9pondre \u00e0 vos questions, r\u00e9gler des probl\u00e8mes et s\u2019assurer que vos envois arrivent \u00e0 la bonne destination. Votre satisfaction est notre priorit\u00e9 absolue.<\/p>\n<p>Il vous suffit d\u2019appeler notre \u00e9quipe du service \u00e0 la client\u00e8le qui sera ravie de vous aider au 1-866-320-8383.<\/p>\n<\/div>\n<p>[\/vc_column_text][\/vc_column][vc_column width=\u00a0\u00bb5\/12&Prime; el_class=\u00a0\u00bb.wwfp-r7-c2&Prime;][vc_single_image image=\u00a0\u00bb1887&Prime; img_size=\u00a0\u00bbfull\u00a0\u00bb][\/vc_column][\/vc_row]<\/p>\n<\/section>","protected":false},"excerpt":{"rendered":"<p>[vc_row full_width=\u00a0\u00bbstretch_row\u00a0\u00bb el_class=\u00a0\u00bb.wwfp-r1&Prime; css=\u00a0\u00bb.vc_custom_1464625236445{background-color: #00aae3 !important;}\u00a0\u00bb][vc_column][vc_column_text] FlagShip, la simplicit\u00e9 Lorsque vient le temps d\u2019exp\u00e9dier vos colis, que ce soit \u00e0 l\u2019autre bout du monde ou de la ville, nous sommes l\u00e0 pour vous&#8230;.<\/p>\n","protected":false},"author":5,"featured_media":0,"parent":0,"menu_order":0,"comment_status":"closed","ping_status":"closed","template":"","meta":[],"_links":{"self":[{"href":"https:\/\/wpstaging.flagshipcompany.com\/fr\/wp-json\/wp\/v2\/pages\/2286"}],"collection":[{"href":"https:\/\/wpstaging.flagshipcompany.com\/fr\/wp-json\/wp\/v2\/pages"}],"about":[{"href":"https:\/\/wpstaging.flagshipcompany.com\/fr\/wp-json\/wp\/v2\/types\/page"}],"author":[{"embeddable":true,"href":"https:\/\/wpstaging.flagshipcompany.com\/fr\/wp-json\/wp\/v2\/users\/5"}],"replies":[{"embeddable":true,"href":"https:\/\/wpstaging.flagshipcompany.com\/fr\/wp-json\/wp\/v2\/comments?post=2286"}],"version-history":[{"count":14,"href":"https:\/\/wpstaging.flagshipcompany.com\/fr\/wp-json\/wp\/v2\/pages\/2286\/revisions"}],"predecessor-version":[{"id":9757,"href":"https:\/\/wpstaging.flagshipcompany.com\/fr\/wp-json\/wp\/v2\/pages\/2286\/revisions\/9757"}],"wp:attachment":[{"href":"https:\/\/wpstaging.flagshipcompany.com\/fr\/wp-json\/wp\/v2\/media?parent=2286"}],"curies":[{"name":"wp","href":"https:\/\/api.w.org\/{rel}","templated":true}]}}