{"id":15275,"date":"2022-10-19T12:01:58","date_gmt":"2022-10-19T16:01:58","guid":{"rendered":"https:\/\/wpstaging.flagshipcompany.com\/?page_id=15275"},"modified":"2023-02-17T15:12:27","modified_gmt":"2023-02-17T20:12:27","slug":"integration-dexpedition-etsy","status":"publish","type":"page","link":"https:\/\/wpstaging.flagshipcompany.com\/fr\/integration-dexpedition-etsy\/","title":{"rendered":"Int\u00e9gration d\u2019exp\u00e9dition pour Etsy"},"content":{"rendered":"<section class=\"wpb-content-wrapper\"><p>[vc_row full_width=\u00a0\u00bbstretch_row\u00a0\u00bb css=\u00a0\u00bb.vc_custom_1660332739379{padding-top: 50px !important;background-image: url(https:\/\/wpstaging.flagshipcompany.com\/app\/uploads\/2022\/08\/orange-etsy-gradient.png?id=15129) !important;background-position: center !important;background-repeat: no-repeat !important;background-size: cover !important;}\u00a0\u00bb][vc_column][vc_row_inner css=\u00a0\u00bb.vc_custom_1554925323698{padding-top: 100px !important;padding-bottom: 50px !important;padding-left: 10px !important;}\u00a0\u00bb][vc_column_inner][vc_raw_html]JTNDZGl2JTIwY2xhc3MlM0QlMjJoZWFkZXItY2VudGVyLXRleHQtYWJzb2x1dGUyJTIyJTIwc3R5bGUlM0QlMjJtYXJnaW4tbGVmdCUzQSUyMDBweCUzQiUyMHBhZGRpbmctbGVmdCUzQTBweCUzQiUyMiUzRSUwQSUzQ2gxJTIwc3R5bGUlM0QlMjJtYXJnaW4tbGVmdCUzQSUyMDBweCUzQiUyMHBhZGRpbmctbGVmdCUzQTBweCUzQiUyMiUzRSUzQ2ZvbnQlMjBjbGFzcyUzRCUyMmxhdG8tbm9ybWFsJTIyJTNFSW50JUMzJUE5Z3JhdGlvbiUyMGQlRTIlODAlOTlleHAlQzMlQTlkaXRpb24lMjBwb3VyJTNDJTJGZm9udCUzRSUyMEV0c3klM0NzdXAlM0UlM0NzcGFuJTIwc3R5bGUlM0QlMjJmb250LXNpemUlM0ElMjA4MCUyNSUzQiUyMiUzRSUyQSUzQyUyRnNwYW4lM0UlM0MlMkZzdXAlM0UlM0MlMkZoMSUzRSUzQyUyRmRpdiUzRSUwQQ==[\/vc_raw_html][\/vc_column_inner][\/vc_row_inner][vc_row_inner css=\u00a0\u00bb.vc_custom_1554925345484{padding-bottom: 100px !important;background-position: center !important;background-repeat: no-repeat !important;background-size: cover !important;}\u00a0\u00bb][vc_column_inner width=\u00a0\u00bb2\/3&Prime;][vc_empty_space height=\u00a0\u00bb20px\u00a0\u00bb][vc_column_text]<\/p>\n<p style=\"color: #ffffff;\">Connectez votre boutique en ligne Etsy directement au syst\u00e8me d\u2019exp\u00e9dition FlagShip gr\u00e2ce \u00e0 l\u2019application gratuite de FlagShip. Installez-le <span style=\"font-weight: 900; color: #ffffff;\">GRATUITEMENT<\/span> d\u00e8s aujourd\u2019hui et vous aurez acc\u00e8s \u00e0 des tarifs r\u00e9duits sur les services de livraison aupr\u00e8s des principaux services de messagerie tels que Purolator, UPS, FedEx, Canpar, GLS et DHL. L\u2019int\u00e9gration avec FlagShip vous permet de fournir des prix d\u2019exp\u00e9dition pr\u00e9cis, de t\u00e9l\u00e9charger automatiquement les donn\u00e9es d\u2019exp\u00e9dition \u00e0 partir de votre boutique en ligne, de traiter instantan\u00e9ment les envois, d\u2019imprimer les \u00e9tiquette, de g\u00e9rer les ramassages et plus encore!<\/p>\n<p>[\/vc_column_text][vc_raw_html]JTIwJTNDYSUyMGNsYXNzJTNEJTIyY3RhLWJ1dHRvbi1ibHVlJTIyJTIwaHJlZiUzRCUyMmh0dHBzJTNBJTJGJTJGZXRzeS5zbWFydHNoaXAuaW8lMjIlM0UlMEElMjAlMjAlM0NzcGFuJTIwY2xhc3MlM0QlMjJjdGEtYnV0dG9uLWljb24lMjIlM0UlM0NpJTIwY2xhc3MlM0QlMjJmYXIlMjBmYS1wbHVzLXNxdWFyZSUyMiUyMGFyaWEtaGlkZGVuJTNEJTIydHJ1ZSUyMiUzRSUzQyUyRmklM0UlM0MlMkZzcGFuJTNFJTBBJTIwJTIwJTNDc3BhbiUyMGNsYXNzJTNEJTIyY3RhLWJ1dHRvbi10ZXh0JTIyJTNFSU5TVEFMTEVaJTIwTCVFMiU4MCU5OUFQUExJQ0FUSU9OJTIwRkxBR1NISVAlMjBQT1VSJTIwRVRTWSUzQyUyRnNwYW4lM0UlMEElMjAlM0MlMkZhJTNFJTBB[\/vc_raw_html][\/vc_column_inner][vc_column_inner width=\u00a0\u00bb1\/3&Prime;][vc_single_image image=\u00a0\u00bb15138&Prime; img_size=\u00a0\u00bb\u00a0\u00bb css=\u00a0\u00bb.vc_custom_1660332942305{margin-top: 20px !important;}\u00a0\u00bb][\/vc_column_inner][\/vc_row_inner][\/vc_column][\/vc_row][vc_row el_class=\u00a0\u00bb.eip-r1&Prime;][vc_column el_class=\u00a0\u00bb.eip-r1-c1&Prime;][vc_single_image image=\u00a0\u00bb13635&Prime; img_size=\u00a0\u00bbfull\u00a0\u00bb alignment=\u00a0\u00bbcenter\u00a0\u00bb][vc_separator][vc_row_inner css=\u00a0\u00bb.vc_custom_1578966424152{margin-top: 30px !important;margin-bottom: 30px !important;}\u00a0\u00bb][vc_column_inner width=\u00a0\u00bb1\/4&Prime;][\/vc_column_inner][vc_column_inner width=\u00a0\u00bb1\/2&Prime;][vc_video link=\u00a0\u00bbhttps:\/\/youtu.be\/Jfd7CH2Qe9I\u00a0\u00bb el_width=\u00a0\u00bb10&Prime;][\/vc_column_inner][vc_column_inner width=\u00a0\u00bb1\/4&Prime;][\/vc_column_inner][\/vc_row_inner][vc_column_text]<\/p>\n<div class=\"ecommerce-title\">Voici comment d\u00e9buter :<\/div>\n<p>[\/vc_column_text][\/vc_column][\/vc_row][vc_row css=\u00a0\u00bb.vc_custom_1551298810239{padding-bottom: 40px !important;}\u00a0\u00bb][vc_column width=\u00a0\u00bb1\/3&Prime; css=\u00a0\u00bb.vc_custom_1551298956341{margin-bottom: 20px !important;}\u00a0\u00bb][vc_single_image image=\u00a0\u00bb15202&Prime; img_size=\u00a0\u00bb\u00a0\u00bb alignment=\u00a0\u00bbcenter\u00a0\u00bb css=\u00a0\u00bb.vc_custom_1660768033895{margin-bottom: 10px !important;}\u00a0\u00bb][vc_column_text]<\/p>\n<div class=\"ecommerce-subtitle-blue\">\u00c9tape 1 :<\/div>\n<div class=\"ecommerce-subtitle-orange\">INSTALLATION<br \/>\nFACILE<\/div>\n<p style=\"text-align: center;\">Si vous n\u2019avez pas d\u00e9j\u00e0 un compte FlagShip, <a href=\"\/?page_id=2149\">cr\u00e9ez-en un maintenant GRATUITEMENT<\/a>. Visitez le Gestionnaire de boutique Etsy et <a href=\"https:\/\/etsy.smartship.io\" target=\"_blank\" rel=\"noopener\">installez l\u2019application FlagShip<\/a> en quelques clics.<\/p>\n<p>[\/vc_column_text][\/vc_column][vc_column width=\u00a0\u00bb1\/3&Prime; css=\u00a0\u00bb.vc_custom_1551298963245{margin-bottom: 20px !important;}\u00a0\u00bb][vc_single_image image=\u00a0\u00bb15207&Prime; img_size=\u00a0\u00bb\u00a0\u00bb alignment=\u00a0\u00bbcenter\u00a0\u00bb css=\u00a0\u00bb.vc_custom_1660768057405{margin-bottom: 10px !important;}\u00a0\u00bb][vc_column_text]<\/p>\n<div class=\"ecommerce-subtitle-blue\">\u00c9tape 2 :<\/div>\n<div class=\"ecommerce-subtitle-orange\">CONFIGUREZ VOS OPTIONS D\u2019EXP\u00c9DITION<\/div>\n<p style=\"text-align: center;\">Choisissez les entreprises et services d\u2019exp\u00e9dition que vous voulez offrir. Vous pouvez connecter votre boutique en ligne directement \u00e0 vos tarifs de messagerie r\u00e9duits de FlagShip, offrant un co\u00fbt d\u2019exp\u00e9dition abordable pour votre E-commerce. N\u2019oubliez pas inclure vos propres frais d\u2019exp\u00e9dition dans vos co\u00fbts d\u2019exp\u00e9dition!<\/p>\n<p>[\/vc_column_text][\/vc_column][vc_column width=\u00a0\u00bb1\/3&Prime; css=\u00a0\u00bb.vc_custom_1551298973046{margin-bottom: 20px !important;}\u00a0\u00bb][vc_single_image image=\u00a0\u00bb15205&Prime; img_size=\u00a0\u00bb\u00a0\u00bb alignment=\u00a0\u00bbcenter\u00a0\u00bb css=\u00a0\u00bb.vc_custom_1660768065280{margin-bottom: 10px !important;}\u00a0\u00bb][vc_column_text]<\/p>\n<div class=\"ecommerce-subtitle-blue\">\u00c9tape 3 :<\/div>\n<div class=\"ecommerce-subtitle-orange\">TRAITEZ LES ENVOIS \u2013 INSTANTAN\u00c9MENT!<\/div>\n<p style=\"text-align: center;\">Lorsque vous avez d\u00e9fini vos param\u00e8tres d\u2019exp\u00e9dition, vous \u00eates pr\u00eat \u00e0 recevoir des commandes. Lors de la cr\u00e9ation d\u2019une transaction sur votre boutique en ligne, cliquez sur \u00ab convertir \u00bb dans l\u2019application d\u2019exp\u00e9dition et toutes les donn\u00e9es seront alors automatiquement t\u00e9l\u00e9charg\u00e9es dans votre compte FlagShip. Vous serez alors pr\u00eat \u00e0 traiter vos envois instantan\u00e9ment, \u00e0 g\u00e9n\u00e9rer les \u00e9tiquettes d\u2019exp\u00e9dition, \u00e0 programmer vos ramassages et g\u00e9rer vos envois, le tout depuis votre tableau de bord FlagShip.<\/p>\n<p>[\/vc_column_text][\/vc_column][\/vc_row][vc_row el_class=\u00a0\u00bb.eip-r1&Prime;][vc_column el_class=\u00a0\u00bb.eip-r1-c1&Prime;][vc_separator color=\u00a0\u00bbcustom\u00a0\u00bb accent_color=\u00a0\u00bb#00a7e0&Prime;][vc_column_text]<\/p>\n<div class=\"ecommerce-title\">D\u00e9butez avec FlagShip pour Etsy :<\/div>\n<p>[\/vc_column_text][\/vc_column][\/vc_row][vc_row css=\u00a0\u00bb.vc_custom_1551298810239{padding-bottom: 40px !important;}\u00a0\u00bb][vc_column width=\u00a0\u00bb1\/4&Prime; css=\u00a0\u00bb.vc_custom_1551298956341{margin-bottom: 20px !important;}\u00a0\u00bb][\/vc_column][vc_column width=\u00a0\u00bb1\/2&Prime; css=\u00a0\u00bb.vc_custom_1551298963245{margin-bottom: 20px !important;}\u00a0\u00bb][vc_raw_html]JTIwJTNDZGl2JTIwc3R5bGUlM0QlMjJkaXNwbGF5JTNBYmxvY2slM0IlMjB3aWR0aCUzQTMxMHB4JTNCJTIwbWFyZ2luJTNBJTIwMCUyMGF1dG8lM0IlMjB0ZXh0LWFsaWduJTNBJTIwY2VudGVyJTNCJTIyJTNFJTNDYSUyMGNsYXNzJTNEJTIyY3RhLWJ1dHRvbi1vcmFuZ2UlMjIlMjBocmVmJTNEJTIyaHR0cHMlM0ElMkYlMkZldHN5LnNtYXJ0c2hpcC5pbyUyMiUzRSUwQSUyMCUyMCUzQ3NwYW4lMjBjbGFzcyUzRCUyMmN0YS1idXR0b24taWNvbiUyMiUzRSUzQ2klMjBjbGFzcyUzRCUyMmZhciUyMGZhLXBsdXMtc3F1YXJlJTIyJTIwYXJpYS1oaWRkZW4lM0QlMjJ0cnVlJTIyJTNFJTNDJTJGaSUzRSUzQyUyRnNwYW4lM0UlMEElMjAlMjAlM0NzcGFuJTIwY2xhc3MlM0QlMjJjdGEtYnV0dG9uLXRleHQlMjIlM0VJTlNUQUxMRVolMjBNQUlOVEVOQU5UJTNDJTJGc3BhbiUzRSUwQSUyMCUzQyUyRmElM0UlMEElM0MlMkZkaXYlM0U=[\/vc_raw_html][\/vc_column][vc_column width=\u00a0\u00bb1\/4&Prime; css=\u00a0\u00bb.vc_custom_1551298973046{margin-bottom: 20px !important;}\u00a0\u00bb][\/vc_column][\/vc_row][vc_row full_width=\u00a0\u00bbstretch_row\u00a0\u00bb css=\u00a0\u00bb.vc_custom_1660664906420{padding-top: 50px !important;padding-bottom: 50px !important;background: #f6f7f9 url(https:\/\/wpstaging.flagshipcompany.com\/app\/uploads\/2022\/08\/orange-etsy-gradient.png?id=15129) !important;background-position: center !important;background-repeat: no-repeat !important;background-size: cover !important;}\u00a0\u00bb el_class=\u00a0\u00bb.eip-r2&Prime;][vc_column width=\u00a0\u00bb1\/3&Prime; css=\u00a0\u00bb.vc_custom_1553520368699{margin-bottom: 20px !important;}\u00a0\u00bb][vc_single_image image=\u00a0\u00bb7011&Prime; img_size=\u00a0\u00bb\u00a0\u00bb][\/vc_column][vc_column width=\u00a0\u00bb2\/3&Prime;][vc_column_text]<\/p>\n<div class=\"ecommerce-title\" style=\"color: #ffffff; text-align: left;\">C\u2019est facile d\u2019exp\u00e9dier lorsque vous avez un bon soutien<\/div>\n<p style=\"margin-top: 30px; color: #ffffff;\">Si l\u2019ajout d\u2019une solution d\u2019exp\u00e9dition robuste comme FlagShip \u00e0 votre boutique ne ligne semble intimidant, ne vous inqui\u00e9tez pas, nous sommes l\u00e0 pour vous aider. Contactez notre soutien \u00e0 la client\u00e8le en direct au sujet de vos besoins d\u2019exp\u00e9dition, du d\u00e9but \u00e0 la fin : que vous ayez besoin d\u2019aide pour installer et configurer l\u2019application FlagShip, ou si vous avez des probl\u00e8mes de livraison li\u00e9s \u00e0 la commande d\u2019un client. Nous serons avec vous jusqu\u2019\u00e0 ce qu\u2019\u00e0 la solution. Le soutien fiable fait partie de notre engagement \u00e0 simplifier la livraison pour le commerce en ligne.<\/p>\n<p><span style=\"font-size: 110%; font-weight: 900; color: #ffffff;\">Appelez-nous au 1-866-320-8383 ou envoyez-nous un courriel \u00e0 <a style=\"color: #ffffff;\" href=\"mailto:support@flagshipcompany.com\">support@flagshipcompany.com<\/a><\/span>[\/vc_column_text][\/vc_column][\/vc_row][vc_row full_width=\u00a0\u00bbstretch_row\u00a0\u00bb css=\u00a0\u00bb.vc_custom_1462695407433{background-color: #f6f7f9 !important;}\u00a0\u00bb el_class=\u00a0\u00bb.eip-r2&Prime;][vc_column el_class=\u00a0\u00bb.eip-r2-c1 .lato-light\u00a0\u00bb][vc_column_text]<\/p>\n<div class=\"ecommerce-title\">Am\u00e9liorez votre boutique Etsy avec ces services de E-Commerce<\/div>\n<p style=\"text-align: center; margin-top: 30px;\">Lorsque vous utilisez l\u2019application d\u2019exp\u00e9dition FlagShip pour votre boutique Etsy, vous avez \u00e9galement acc\u00e8s aux services de E-Commerce qui plaisent aux clients :<\/p>\n<p>[\/vc_column_text][vc_row_inner equal_height=\u00a0\u00bbyes\u00a0\u00bb content_placement=\u00a0\u00bbtop\u00a0\u00bb gap=\u00a0\u00bb20&Prime;][vc_column_inner width=\u00a0\u00bb1\/2&Prime; css=\u00a0\u00bb.vc_custom_1652957243595{margin-bottom: 15px !important;padding-top: 200px !important;padding-right: 20px !important;padding-bottom: 200px !important;padding-left: 20px !important;background-image: url(https:\/\/wpstaging.flagshipcompany.com\/app\/uploads\/2019\/03\/Discount-courier-bg.jpg?id=6922) !important;background-position: center !important;background-repeat: no-repeat !important;background-size: cover !important;}\u00a0\u00bb][vc_column_text]<\/p>\n<div class=\"ecommerce-services-3-column\" style=\"font-weight: 900; font-size: 120%;\">Tarifs d\u2019exp\u00e9dition \u00e0 rabais<\/div>\n<p>[\/vc_column_text][vc_empty_space height=\u00a0\u00bb5px\u00a0\u00bb][vc_column_text]<\/p>\n<div class=\"ecommerce-services-3-column\">\u00c9conomisez jusqu\u2019\u00e0 70% sur les frais d\u2019exp\u00e9dition de votre boutique en ligne \u00e0 destination du Canada, \u00c9-U et \u00e0 l\u2019international.<\/div>\n<p>[\/vc_column_text][\/vc_column_inner][vc_column_inner width=\u00a0\u00bb1\/2&Prime; css=\u00a0\u00bb.vc_custom_1652957249394{margin-bottom: 15px !important;padding-top: 200px !important;padding-right: 20px !important;padding-bottom: 200px !important;padding-left: 20px !important;background-image: url(https:\/\/wpstaging.flagshipcompany.com\/app\/uploads\/2019\/03\/packaging-optimizer-bg.jpg?id=6950) !important;background-position: center !important;background-repeat: no-repeat !important;background-size: cover !important;}\u00a0\u00bb][vc_column_text]<\/p>\n<div class=\"ecommerce-services-3-column\" style=\"font-weight: 900; font-size: 120%;\">Calculateur de l\u2019emballage optimal<\/div>\n<p>[\/vc_column_text][vc_empty_space height=\u00a0\u00bb5px\u00a0\u00bb][vc_column_text]<\/p>\n<div class=\"ecommerce-services-3-column\">Entrez les informations sur votre produit et choisissez automatiquement la meilleure taille de bo\u00eete pour obtenir une soumission d\u2019exp\u00e9dition pr\u00e9cise.<\/div>\n<p>[\/vc_column_text][\/vc_column_inner][\/vc_row_inner][\/vc_column][\/vc_row][vc_row el_class=\u00a0\u00bb.eip-r1&Prime;][vc_column el_class=\u00a0\u00bb.eip-r1-c1&Prime;][vc_column_text]<\/p>\n<div class=\"ecommerce-title\">Cinq raisons pour lesquelles l\u2019application d\u2019exp\u00e9dition \u00e0 rabais FlagShip convient \u00e0 votre boutique Etsy!<\/div>\n<p>[\/vc_column_text][\/vc_column][\/vc_row][vc_row css=\u00a0\u00bb.vc_custom_1553478483335{padding-top: 50px !important;}\u00a0\u00bb][vc_column width=\u00a0\u00bb1\/3&Prime; css=\u00a0\u00bb.vc_custom_1553520415171{margin-bottom: 20px !important;}\u00a0\u00bb][vc_single_image image=\u00a0\u00bb6972&Prime; img_size=\u00a0\u00bb\u00a0\u00bb alignment=\u00a0\u00bbcenter\u00a0\u00bb][vc_column_text]<\/p>\n<div class=\"ecommerce-subtitle-orange\">1<\/div>\n<p style=\"text-align: center;\">Les tarifs d\u2019exp\u00e9dition r\u00e9duits instantan\u00e9s d\u2019entreprises d\u2019exp\u00e9dition de renom encouragent les d\u00e9cisions d\u2019achat.<\/p>\n<p>[\/vc_column_text][\/vc_column][vc_column width=\u00a0\u00bb1\/3&Prime; css=\u00a0\u00bb.vc_custom_1553520421821{margin-bottom: 20px !important;}\u00a0\u00bb][vc_single_image image=\u00a0\u00bb6974&Prime; img_size=\u00a0\u00bb\u00a0\u00bb alignment=\u00a0\u00bbcenter\u00a0\u00bb][vc_column_text]<\/p>\n<div class=\"ecommerce-subtitle-orange\">2<\/div>\n<p style=\"text-align: center;\">Des tarifs d\u2019exp\u00e9dition fixes vous aident \u00e0 am\u00e9liorer votre contr\u00f4le des co\u00fbts.<\/p>\n<p>[\/vc_column_text][\/vc_column][vc_column width=\u00a0\u00bb1\/3&Prime; css=\u00a0\u00bb.vc_custom_1553520427764{margin-bottom: 20px !important;}\u00a0\u00bb][vc_single_image image=\u00a0\u00bb6976&Prime; img_size=\u00a0\u00bb\u00a0\u00bb alignment=\u00a0\u00bbcenter\u00a0\u00bb][vc_column_text]<\/p>\n<div class=\"ecommerce-subtitle-orange\">3<\/div>\n<p style=\"text-align: center;\">Les donn\u00e9es de transaction sont t\u00e9l\u00e9charg\u00e9es dans le syst\u00e8me d\u2019exp\u00e9dition en ligne FlagShip, ce qui vous permet d\u2019\u00e9conomiser du temps et des tracas.<\/p>\n<p>[\/vc_column_text][\/vc_column][\/vc_row][vc_row css=\u00a0\u00bb.vc_custom_1553478442343{padding-top: 40px !important;}\u00a0\u00bb][vc_column width=\u00a0\u00bb1\/2&Prime; css=\u00a0\u00bb.vc_custom_1553520434989{margin-bottom: 20px !important;}\u00a0\u00bb][vc_single_image image=\u00a0\u00bb6978&Prime; img_size=\u00a0\u00bb\u00a0\u00bb alignment=\u00a0\u00bbcenter\u00a0\u00bb][vc_column_text]<\/p>\n<div class=\"ecommerce-subtitle-orange\">4<\/div>\n<p style=\"text-align: center;\">Vous pouvez g\u00e9rer vos envois de n\u2019importe o\u00f9, au bureau ou sur la route.<\/p>\n<p>[\/vc_column_text][\/vc_column][vc_column width=\u00a0\u00bb1\/2&Prime; css=\u00a0\u00bb.vc_custom_1553520443342{margin-bottom: 20px !important;}\u00a0\u00bb][vc_single_image image=\u00a0\u00bb6980&Prime; img_size=\u00a0\u00bb\u00a0\u00bb alignment=\u00a0\u00bbcenter\u00a0\u00bb][vc_column_text]<\/p>\n<div class=\"ecommerce-subtitle-orange\">5<\/div>\n<p style=\"text-align: center;\">Une exp\u00e9dition professionnelle et fiable rend vos clients heureux.<\/p>\n<p>[\/vc_column_text][\/vc_column][\/vc_row][vc_row el_class=\u00a0\u00bb.eip-r1&Prime;][vc_column el_class=\u00a0\u00bb.eip-r1-c1&Prime;][vc_separator color=\u00a0\u00bbcustom\u00a0\u00bb accent_color=\u00a0\u00bb#00a7e0&Prime;][vc_column_text]<\/p>\n<div class=\"ecommerce-title\">Allez chercher l\u2019application d\u2019exp\u00e9dition FlagShip pour Etsy :<\/div>\n<p>[\/vc_column_text][\/vc_column][\/vc_row][vc_row][vc_column width=\u00a0\u00bb1\/3&Prime; css=\u00a0\u00bb.vc_custom_1551298956341{margin-bottom: 20px !important;}\u00a0\u00bb][\/vc_column][vc_column width=\u00a0\u00bb1\/3&Prime; css=\u00a0\u00bb.vc_custom_1551298963245{margin-bottom: 20px !important;}\u00a0\u00bb][vc_raw_html]JTIwJTNDZGl2JTIwc3R5bGUlM0QlMjJkaXNwbGF5JTNBYmxvY2slM0IlMjB3aWR0aCUzQTMxMHB4JTNCJTIwbWFyZ2luJTNBJTIwMCUyMGF1dG8lM0IlMjB0ZXh0LWFsaWduJTNBJTIwY2VudGVyJTNCJTIyJTNFJTNDYSUyMGNsYXNzJTNEJTIyY3RhLWJ1dHRvbi1vcmFuZ2UlMjIlMjBocmVmJTNEJTIyaHR0cHMlM0ElMkYlMkZldHN5LnNtYXJ0c2hpcC5pbyUyMiUzRSUwQSUyMCUyMCUzQ3NwYW4lMjBjbGFzcyUzRCUyMmN0YS1idXR0b24taWNvbiUyMiUzRSUzQ2klMjBjbGFzcyUzRCUyMmZhciUyMGZhLXBsdXMtc3F1YXJlJTIyJTIwYXJpYS1oaWRkZW4lM0QlMjJ0cnVlJTIyJTNFJTNDJTJGaSUzRSUzQyUyRnNwYW4lM0UlMEElMjAlMjAlM0NzcGFuJTIwY2xhc3MlM0QlMjJjdGEtYnV0dG9uLXRleHQlMjIlM0VJTlNUQUxMRVolMjBNQUlOVEVOQU5UJTNDJTJGc3BhbiUzRSUwQSUyMCUzQyUyRmElM0UlM0MlMkZkaXYlM0UlMEE=[\/vc_raw_html][\/vc_column][vc_column width=\u00a0\u00bb1\/3&Prime; css=\u00a0\u00bb.vc_custom_1551298973046{margin-bottom: 20px !important;}\u00a0\u00bb][\/vc_column][\/vc_row][vc_row el_class=\u00a0\u00bb.eip-r1&Prime; css=\u00a0\u00bb.vc_custom_1553478853348{margin-top: 0px !important;padding-top: 0px !important;}\u00a0\u00bb][vc_column el_class=\u00a0\u00bb.eip-r1-c1&Prime;][vc_column_text]<\/p>\n<div class=\"ecommerce-title\" style=\"line-height: normal;\"><span style=\"font-weight: normal !important; color: #636363;\">Besoin d\u2019aide?<\/span><br \/>\nAppelez-nous au 1-866-320-8383<\/div>\n<p>[\/vc_column_text][\/vc_column][\/vc_row][vc_row][vc_column width=\u00a0\u00bb1\/3&Prime; css=\u00a0\u00bb.vc_custom_1551298956341{margin-bottom: 20px !important;}\u00a0\u00bb][\/vc_column][vc_column width=\u00a0\u00bb1\/3&Prime; css=\u00a0\u00bb.vc_custom_1551298963245{margin-bottom: 20px !important;}\u00a0\u00bb][vc_raw_html]JTNDZGl2JTIwc3R5bGUlM0QlMjJkaXNwbGF5JTNBYmxvY2slM0IlMjB3aWR0aCUzQTE4MHB4JTNCJTIwbWFyZ2luJTNBJTIwMCUyMGF1dG8lM0IlMjB0ZXh0LWFsaWduJTNBJTIwY2VudGVyJTNCJTIyJTNFJTNDYSUyMGNsYXNzJTNEJTIyZWNvbW1lcmNlLWdyYWRpZW50LWJ1dHRvbiUyMiUyMGhyZWYlM0QlMjJtYWlsdG8lM0FzdXBwb3J0JTQwZmxhZ3NoaXBjb21wYW55LmNvbSUyMiUzRU5PVVMlMjBKT0lORFJFJTNDJTJGYSUzRSUwQQ==[\/vc_raw_html][\/vc_column][vc_column width=\u00a0\u00bb1\/3&Prime; css=\u00a0\u00bb.vc_custom_1551298973046{margin-bottom: 20px !important;}\u00a0\u00bb][\/vc_column][\/vc_row][vc_row][vc_column][vc_column_text]<\/p>\n<p style=\"font-size: 70%; text-align: center;\">*Le terme \u201cEtsy\u201d est une marque de commerce d\u2019Estsy, Inc. Cette application utilise l\u2019API d\u2019Etsy mais n\u2019est pas reconnue ou certifi\u00e9e par Etsy, Inc.<\/p>\n<p>[\/vc_column_text][\/vc_column][\/vc_row]<\/p>\n<\/section>","protected":false},"excerpt":{"rendered":"<p>[vc_row full_width=\u00a0\u00bbstretch_row\u00a0\u00bb css=\u00a0\u00bb.vc_custom_1660332739379{padding-top: 50px !important;background-image: url(https:\/\/wpstaging.flagshipcompany.com\/app\/uploads\/2022\/08\/orange-etsy-gradient.png?id=15129) !important;background-position: center !important;background-repeat: no-repeat !important;background-size: cover !important;}\u00a0\u00bb][vc_column][vc_row_inner css=\u00a0\u00bb.vc_custom_1554925323698{padding-top: 100px !important;padding-bottom: 50px !important;padding-left: 10px !important;}\u00a0\u00bb][vc_column_inner][vc_raw_html]JTNDZGl2JTIwY2xhc3MlM0QlMjJoZWFkZXItY2VudGVyLXRleHQtYWJzb2x1dGUyJTIyJTIwc3R5bGUlM0QlMjJtYXJnaW4tbGVmdCUzQSUyMDBweCUzQiUyMHBhZGRpbmctbGVmdCUzQTBweCUzQiUyMiUzRSUwQSUzQ2gxJTIwc3R5bGUlM0QlMjJtYXJnaW4tbGVmdCUzQSUyMDBweCUzQiUyMHBhZGRpbmctbGVmdCUzQTBweCUzQiUyMiUzRSUzQ2ZvbnQlMjBjbGFzcyUzRCUyMmxhdG8tbm9ybWFsJTIyJTNFSW50JUMzJUE5Z3JhdGlvbiUyMGQlRTIlODAlOTlleHAlQzMlQTlkaXRpb24lMjBwb3VyJTNDJTJGZm9udCUzRSUyMEV0c3klM0NzdXAlM0UlM0NzcGFuJTIwc3R5bGUlM0QlMjJmb250LXNpemUlM0ElMjA4MCUyNSUzQiUyMiUzRSUyQSUzQyUyRnNwYW4lM0UlM0MlMkZzdXAlM0UlM0MlMkZoMSUzRSUzQyUyRmRpdiUzRSUwQQ==[\/vc_raw_html][\/vc_column_inner][\/vc_row_inner][vc_row_inner css=\u00a0\u00bb.vc_custom_1554925345484{padding-bottom: 100px !important;background-position: center !important;background-repeat: no-repeat !important;background-size: cover !important;}\u00a0\u00bb][vc_column_inner width=\u00a0\u00bb2\/3&Prime;][vc_empty_space height=\u00a0\u00bb20px\u00a0\u00bb][vc_column_text] Connectez votre&#8230;<\/p>\n","protected":false},"author":5,"featured_media":0,"parent":0,"menu_order":0,"comment_status":"closed","ping_status":"closed","template":"","meta":[],"_links":{"self":[{"href":"https:\/\/wpstaging.flagshipcompany.com\/fr\/wp-json\/wp\/v2\/pages\/15275"}],"collection":[{"href":"https:\/\/wpstaging.flagshipcompany.com\/fr\/wp-json\/wp\/v2\/pages"}],"about":[{"href":"https:\/\/wpstaging.flagshipcompany.com\/fr\/wp-json\/wp\/v2\/types\/page"}],"author":[{"embeddable":true,"href":"https:\/\/wpstaging.flagshipcompany.com\/fr\/wp-json\/wp\/v2\/users\/5"}],"replies":[{"embeddable":true,"href":"https:\/\/wpstaging.flagshipcompany.com\/fr\/wp-json\/wp\/v2\/comments?post=15275"}],"version-history":[{"count":27,"href":"https:\/\/wpstaging.flagshipcompany.com\/fr\/wp-json\/wp\/v2\/pages\/15275\/revisions"}],"predecessor-version":[{"id":16887,"href":"https:\/\/wpstaging.flagshipcompany.com\/fr\/wp-json\/wp\/v2\/pages\/15275\/revisions\/16887"}],"wp:attachment":[{"href":"https:\/\/wpstaging.flagshipcompany.com\/fr\/wp-json\/wp\/v2\/media?parent=15275"}],"curies":[{"name":"wp","href":"https:\/\/api.w.org\/{rel}","templated":true}]}}