{"id":11135,"date":"2020-07-08T17:39:37","date_gmt":"2020-07-08T17:39:37","guid":{"rendered":"https:\/\/wpstaging.flagshipcompany.com\/?page_id=11135"},"modified":"2022-11-18T14:18:47","modified_gmt":"2022-11-18T19:18:47","slug":"c-b-services-messagerie","status":"publish","type":"page","link":"https:\/\/wpstaging.flagshipcompany.com\/fr\/c-b-services-messagerie\/","title":{"rendered":"Services d\u2019exp\u00e9dition de la Colombie-Britannique sur lesquels vous pouvez compter"},"content":{"rendered":"<section class=\"wpb-content-wrapper\"><p>[vc_row full_width=\u00a0\u00bbstretch_row_content_no_spaces\u00a0\u00bb][vc_column][vc_raw_html]JTNDZGl2JTIwY2xhc3MlM0QlMjJoZWFkZXItYm94LXJlbGF0aXZlJTIyJTNFJTBBJTBBJTNDZGl2JTIwY2xhc3MlM0QlMjJoZWFkZXItYm94LWJrZyUyMiUyMCUzRSUwQSUzQ2ltZyUyMHNyYyUzRCUyMiUyRmFwcCUyRnVwbG9hZHMlMkYyMDIwJTJGMDYlMkZGbGFnU2hpcC1iYW5uZXItQnJpdGlzaC1Db2x1bWJpYS0xLmpwZyUyMiUyMCUyRiUzRSUwQSUzQyUyRmRpdiUzRSUwQSUwQSUzQ2RpdiUyMGNsYXNzJTNEJTIyaGVhZGVyLWNlbnRlci10ZXh0LWFic29sdXRlMiUyMiUzRSUwQSUzQ2RpdiUyMGNsYXNzJTNEJTIyaGVhZGVyLWNlbnRlci10ZXh0LWFic29sdXRlMi1pbm5lciUyMiUzRSUwQSUzQ2gxJTNFU2VydmljZXMlMjBkJUUyJTgwJTk5ZXhwJUMzJUE5ZGl0aW9uJTIwZGUlMjBsYSUyMENvbG9tYmllLUJyaXRhbm5pcXVlJTIwc3VyJTIwbGVzcXVlbHMlMjB2b3VzJTIwcG91dmV6JTIwY29tcHRlciUzQ2ZvbnQlMjBjbGFzcyUzRCUyMmxhdG8tbm9ybWFsJTIyJTNFJTNDJTJGaDElM0UlM0MlMkZkaXYlM0UlMEElM0MlMkZkaXYlM0UlMEElMjAlMjAlMjAlMjAlMEElM0MlMkZkaXYlM0U=[\/vc_raw_html][\/vc_column][\/vc_row][vc_row css=\u00a0\u00bb.vc_custom_1591976682546{margin-bottom: 0px !important;padding-top: 0px !important;}\u00a0\u00bb][vc_column width=\u00a0\u00bb1\/4&Prime; el_class=\u00a0\u00bb.eip-r1-c1&Prime;][vc_single_image image=\u00a0\u00bb11259&Prime; img_size=\u00a0\u00bbfull\u00a0\u00bb alignment=\u00a0\u00bbcenter\u00a0\u00bb][vc_column_text]<\/p>\n<h2>Faire de votre exp\u00e9dition vers et de la Colombie-Britannique une exp\u00e9rience sans tracas<\/h2>\n<p>[\/vc_column_text][\/vc_column][vc_column width=\u00a0\u00bb3\/4&Prime; el_class=\u00a0\u00bb.eip-r1-c2 .lato-light\u00a0\u00bb css=\u00a0\u00bb.vc_custom_1592315153172{margin-left: 30px !important;}\u00a0\u00bb][vc_column_text el_class=\u00a0\u00bb.lato-light\u00a0\u00bb]<\/p>\n<p class=\"TranslationPanel_paragraph__D-ucz TranslationPanel_feedback-enabled__3NmpV\">\u00cates-vous une petite ou moyenne entreprise au Canada \u00e0 la recherche de services d\u2019exp\u00e9dition et de messagerie rapides, abordables et fiables en Colombie-Britannique? En tant que l\u2019une des meilleures solutions d\u2019exp\u00e9dition \u00e0 rabais au Canada, la solution d\u2019exp\u00e9dition en ligne de FlagShip facilite la comparaison des tarifs et des services exceptionnels de Purolator, UPS, FedEx, Canpar et DHL. Choisissez le service qui vous convient; traitez, g\u00e9rez et faites le suivi de vos envois \u2013 le tout au m\u00eame endroit!<\/p>\n<p class=\"TranslationPanel_paragraph__D-ucz TranslationPanel_feedback-enabled__3NmpV\"><a href=\"\/?page_id=2380\" target=\"_blank\" rel=\"noopener noreferrer\">En vous inscrivant \u00e0 un compte FlagShip<\/a>, vous obtenez les meilleurs tarifs de livraison en comparant instantan\u00e9ment des devis des principaux services de messagerie sans avoir \u00e0 chercher d&rsquo;un site \u00e0 l&rsquo;autre. FlagShip le fait pour vous! \u202fNous cr\u00e9ons \u00e9galement des \u00e9tiquettes d&rsquo;exp\u00e9dition conformes pour chaque emballage, nous stockons les renseignements cl\u00e9s sur l&rsquo;exp\u00e9dition pour une r\u00e9f\u00e9rence rapide et facile pour une utilisation ult\u00e9rieure et vous pouvez faire le suivi de vos exp\u00e9ditions. Avec FlagShip, il n&rsquo;y a pas de frais d&rsquo;inscription ou d&rsquo;utilisation. <a href=\"\/?page_id=2380\" target=\"_blank\" rel=\"noopener noreferrer\">Inscrivez-vous GRATUITEMENT<\/a> d\u00e8s aujourd&rsquo;hui.<\/p>\n<p class=\"TranslationPanel_paragraph__D-ucz TranslationPanel_feedback-enabled__3NmpV\"><strong>Si vous avez des questions pour nous, nous sommes ici pour vous. La livraison par le service de messagerie de la Colombie-Britannique est ce que nous faisons de mieux!<\/strong><\/p>\n<p>[\/vc_column_text][vc_raw_html]JTIwJTNDYSUyMGNsYXNzJTNEJTIyY3RhLWJ1dHRvbiUyMiUyMGhyZWYlM0QlMjJodHRwcyUzQSUyRiUyRnd3dy5mbGFnc2hpcGNvbXBhbnkuY29tJTJGZnIlMkZpbnNjcml2ZXotdm91cyUyRiUyMiUzRSUwQSUyMCUyMCUzQ3NwYW4lMjBjbGFzcyUzRCUyMmN0YS1idXR0b24taWNvbiUyMiUzRSUzQ2klMjBjbGFzcyUzRCUyMmZhcyUyMGZhLXRhZyUyMiUyMGFyaWEtaGlkZGVuJTNEJTIydHJ1ZSUyMiUzRSUzQyUyRmklM0UlM0MlMkZzcGFuJTNFJTBBJTIwJTIwJTNDc3BhbiUyMGNsYXNzJTNEJTIyY3RhLWJ1dHRvbi10ZXh0JTIyJTNFT0JURU5FWiUyMFVORSUyMFNPVU1JU1NJT04lM0MlMkZzcGFuJTNFJTBBJTIwJTNDJTJGYSUzRSUwQQ==[\/vc_raw_html][\/vc_column][\/vc_row][vc_row full_width=\u00a0\u00bbstretch_row\u00a0\u00bb el_class=\u00a0\u00bb.eip-r2&Prime; css=\u00a0\u00bb.vc_custom_1591976999658{margin-bottom: 0px !important;padding-bottom: 0px !important;background-color: #f6f7f9 !important;}\u00a0\u00bb][vc_column width=\u00a0\u00bb1\/4&Prime; el_class=\u00a0\u00bb.eip-r2-c1&Prime;][vc_column_text]<\/p>\n<h2>Nous n\u00e9gocions les meilleurs tarifs possibles pour les solutions d\u2019exp\u00e9dition de la Colombie-Britannique<\/h2>\n<p>[\/vc_column_text][\/vc_column][vc_column width=\u00a0\u00bb3\/4&Prime; el_class=\u00a0\u00bb.eip-r2-c2 .lato-light\u00a0\u00bb css=\u00a0\u00bb.vc_custom_1591802722702{margin-left: 30px !important;}\u00a0\u00bb][vc_column_text el_class=\u00a0\u00bb.lato-light\u00a0\u00bb]En\u00a0tant\u00a0que principal\u00a0revendeur\u00a0autoris\u00e9\u00a0d&rsquo;exp\u00e9dition\u00a0au Canada, nous\u00a0travaillons\u00a0en collaboration avec les plus\u00a0grandes\u00a0entreprises\u00a0de\u00a0messagerie\u00a0au monde\u00a0pour\u00a0obtenir\u00a0des\u00a0rabais\u00a0sur le volume,\u00a0puis\u00a0nous\u00a0vous\u00a0faisons\u00a0profiter de\u00a0ces\u00a0\u00e9conomies.\u00a0Nous\u00a0vous\u00a0faisont\u00a0\u00e9conomiser\u00a0temps et argent sur\u00a0tous\u00a0vos\u00a0besoins\u00a0en mati\u00e8re\u00a0d&rsquo;exp\u00e9dition.<\/p>\n<p><a href=\"\/?page_id=2380\" target=\"_blank\" rel=\"noopener noreferrer\">Inscrivez-vous \u00e0 un compte FlagShip gratuit<\/a> pour commencer \u00e0 \u00e9conomisez jusqu&rsquo;\u00e0 70%\u00a0chaque exp\u00e9dition. Gr\u00e2ce \u00e0 notre syst\u00e8me d\u2019exp\u00e9dition en ligne, vous pouvez comparer facilement les tarifs et les services de messagerie r\u00e9duits : Purolator, UPS, FedEx, DHL et Canpar. Vous choisissez le service de messagerie et le service tout en \u00e9conomisant gros! C&rsquo;est aussi simple que \u00e7a.[\/vc_column_text][\/vc_column][\/vc_row][vc_row full_width=\u00a0\u00bbstretch_row\u00a0\u00bb css=\u00a0\u00bb.vc_custom_1591976994245{margin-top: 0px !important;padding-top: 0px !important;background-color: #f6f7f9 !important;}\u00a0\u00bb][vc_column][vc_single_image image=\u00a0\u00bb11049&Prime; img_size=\u00a0\u00bbfull\u00a0\u00bb][\/vc_column][\/vc_row][vc_row full_width=\u00a0\u00bbstretch_row\u00a0\u00bb el_class=\u00a0\u00bb.eip-r3&Prime; css=\u00a0\u00bb.vc_custom_1592315735888{margin-top: 0px !important;margin-bottom: 0px !important;padding-top: 60px !important;padding-bottom: 40px !important;}\u00a0\u00bb][vc_column width=\u00a0\u00bb1\/2&Prime; el_class=\u00a0\u00bb.eip-r3-c1 .lato-light\u00a0\u00bb css=\u00a0\u00bb.vc_custom_1591976740504{margin-bottom: 0px !important;padding-bottom: 0px !important;}\u00a0\u00bb][vc_column_text el_class=\u00a0\u00bb.lato-light\u00a0\u00bb]<\/p>\n<h2><span style=\"color: #58595b !important;\">Exp\u00e9dition <span style=\"color: #0ca8e2 !important; font-weight: bold;\">VERS<\/span> C.-B.<\/span><\/h2>\n<p>Si votre entreprise est situ\u00e9e n\u2019importe o\u00f9 au Canada, FlagShip exp\u00e9diera rapidement les colis de votre entreprise en<br \/>\nColombie-Britannique et ce, \u00e0 un excellent tarif! Pour les petites et moyennes entreprises du pays, vous pouvez compter sur nous pour assurer la livraison \u00e0 ce march\u00e9 essentiel, que vous fassiez des exp\u00e9ditions une fois par mois ou 40 fois par semaine.[\/vc_column_text][vc_column_text el_class=\u00a0\u00bb.lato-light\u00a0\u00bb]<\/p>\n<h2><span style=\"color: #58595b !important;\">Exp\u00e9dition <span style=\"color: #0ca8e2 !important; font-weight: bold;\">DE<\/span> C.-B.<\/span><\/h2>\n<p>Il est si facile d\u2019exp\u00e9dier \u00e0 partir de la Colombie-Britannique, que vous ayez besoin de services de messagerie locaux, nationaux ou internationaux \u2013 nous couvrons tout, \u00e0 un tarif r\u00e9duit. Gr\u00e2ce \u00e0 nos partenariats avec des courriers renomm\u00e9s, nous offrons aux petites et moyennes entreprises les meilleurs tarifs d&rsquo;exp\u00e9dition partout dans le monde.[\/vc_column_text][vc_raw_html]JTNDYSUyMGNsYXNzJTNEJTIyY3RhLWJ1dHRvbiUyMiUyMGhyZWYlM0QlMjJodHRwcyUzQSUyRiUyRnd3dy5mbGFnc2hpcGNvbXBhbnkuY29tJTJGZnIlMkZpbnNjcml2ZXotdm91cyUyRiUyMiUyMHN0eWxlJTNEJTIybWFyZ2luLWJvdHRvbSUzQTBweCUzQiUyMiUzRSUwQSUyMCUyMCUzQ3NwYW4lMjBjbGFzcyUzRCUyMmN0YS1idXR0b24taWNvbiUyMiUzRSUzQ2klMjBjbGFzcyUzRCUyMmZhcyUyMGZhLWFycm93LWNpcmNsZS1yaWdodCUyMiUyMGFyaWEtaGlkZGVuJTNEJTIydHJ1ZSUyMiUzRSUzQyUyRmklM0UlM0MlMkZzcGFuJTNFJTBBJTIwJTIwJTNDc3BhbiUyMGNsYXNzJTNEJTIyY3RhLWJ1dHRvbi10ZXh0JTIyJTNFQ09NTUVOQ0VaJTIwJUMzJTgwJTIwRVhQJUMzJTg5RElFUiUzQyUyRnNwYW4lM0UlMEElMjAlM0MlMkZhJTNFJTBBJTBB[\/vc_raw_html][\/vc_column][vc_column width=\u00a0\u00bb1\/2&Prime; el_class=\u00a0\u00bb.eip-r3-c1 .lato-light\u00a0\u00bb css=\u00a0\u00bb.vc_custom_1591976875081{margin-bottom: 0px !important;padding-bottom: 0px !important;}\u00a0\u00bb][vc_single_image image=\u00a0\u00bb10716&Prime; img_size=\u00a0\u00bbfull\u00a0\u00bb alignment=\u00a0\u00bbcenter\u00a0\u00bb][\/vc_column][\/vc_row][vc_row full_width=\u00a0\u00bbstretch_row\u00a0\u00bb el_class=\u00a0\u00bb.dsp-r4&Prime; css=\u00a0\u00bb.vc_custom_1592406799039{margin-bottom: 0px !important;padding-top: 40px !important;padding-bottom: 0px !important;background-color: #09a8e1 !important;}\u00a0\u00bb][vc_column width=\u00a0\u00bb1\/2&Prime; css=\u00a0\u00bb.vc_custom_1592405127456{margin-bottom: 0px !important;padding-bottom: 0px !important;}\u00a0\u00bb el_class=\u00a0\u00bb.dsp-r4-c1&Prime;][vc_single_image image=\u00a0\u00bb16149&Prime; img_size=\u00a0\u00bb\u00a0\u00bb css=\u00a0\u00bb.vc_custom_1668799123347{margin-bottom: 0px !important;padding-top: 0px !important;padding-bottom: 0px !important;}\u00a0\u00bb][vc_column_text el_class=\u00a0\u00bb.dsp-r4-c1&Prime;]<\/p>\n<h2 class=\"whitesubhead\">Plus de service. Plus de messagers. Plus d&rsquo;\u00e9conomies. Tout au m\u00eame endroit.<\/h2>\n<p>En tant que leader dans les services de messagerie en Colombie-Britannique, nous offrons plus que seulement les meilleurs tarifs d&rsquo;exp\u00e9dition avec les grandes entreprises de messagerie. FlagShip s&rsquo;engage \u00e0 aider les petites et moyennes entreprises \u00e0 prosp\u00e9rer en \u00e9liminant les incertitudes li\u00e9es \u00e0 l&rsquo;exp\u00e9dition vers et de la Colombie-Britannique.[\/vc_column_text][\/vc_column][vc_column width=\u00a0\u00bb1\/2&Prime; css=\u00a0\u00bb.vc_custom_1592405162573{padding-top: 80px !important;padding-bottom: 0px !important;}\u00a0\u00bb el_class=\u00a0\u00bb.dsp-r4-c2&Prime;][vc_column_text]<span class=\"EOP SCXW164697015 BCX0\" data-ccp-props=\"{&quot;201341983&quot;:0,&quot;335559739&quot;:200,&quot;335559740&quot;:276}\">Fiable, \u00e9conomique, exp\u00e9dition et services de messagerie &#8211; nous sommes le service de messagerie fiable de la Colombie-Britannique et en choisissant FlagShip, vous pouvez vous attendre : <\/span><\/p>\n<ul class=\"whitebullet\">\n<li>Gros rabais d&rsquo;au jusqu&rsquo;\u00e0 70% sur leschaque livraison.<\/li>\n<li>Acc\u00e9dez \u00e0 <a href=\"\/?page_id=2305\" target=\"_blank\" rel=\"noopener noreferrer\">notre syst\u00e8me d&rsquo;exp\u00e9dition en ligne exclusif<\/a> et facile \u00e0 utiliser sans avoir \u00e0 t\u00e9l\u00e9charger de logiciel.<\/li>\n<li>Des solutions d\u2019exp\u00e9dition simples qui vous permettront de stocker vos renseignements cl\u00e9s en toute s\u00e9curit\u00e9, d\u2019imprimer des documents conformes et essentiels et plus encore!<\/li>\n<li>Couverture d&rsquo;assurance additionnelle de 1,25 $\/100 $.<\/li>\n<li>Suivi des courriels et avis de livraison pour chaque envoi.<\/li>\n<li>Une seule facture consolid\u00e9e pour toutes vos activit\u00e9s d&rsquo;exp\u00e9dition. Nous faisons tout le travail pour le d\u00e9composer simplement et clairement afin que vous puissiez vous concentrer sur votre entreprise.<\/li>\n<li>Une \u00e9quipe de service \u00e0 la client\u00e8le bien form\u00e9e et bien inform\u00e9e pr\u00eate \u00e0 vous aider pendant les heures d&rsquo;ouverture ou en ligne apr\u00e8s les heures d&rsquo;ouverture.<\/li>\n<li>\u00c9conomisez sans frais de ramassage<\/li>\n<\/ul>\n<p>[\/vc_column_text][\/vc_column][\/vc_row][vc_row el_class=\u00a0\u00bb.eip-r5 .lato-light\u00a0\u00bb css=\u00a0\u00bb.vc_custom_1591976938440{padding-top: 40px !important;}\u00a0\u00bb][vc_column width=\u00a0\u00bb1\/3&Prime; el_class=\u00a0\u00bb.eip-r5-c1&Prime;][vc_single_image image=\u00a0\u00bb6453&Prime; img_size=\u00a0\u00bb\u00a0\u00bb onclick=\u00a0\u00bbcustom_link\u00a0\u00bb link=\u00a0\u00bbhttps:\/\/wpstaging.flagshipcompany.com\/fr\/prix-reduits\/\u00a0\u00bb css=\u00a0\u00bb.vc_custom_1594148048946{margin-left: -10px !important;}\u00a0\u00bb][vc_column_text el_class=\u00a0\u00bb.lato-light\u00a0\u00bb]<\/p>\n<h2 style=\"color: #0ca8e2 !important;\"><a href=\"\/?page_id=6802\">Service de messagerie rabais <\/a><\/h2>\n<p>Obtenez les meilleurs tarifs aupr\u00e8s des plus grands fournisseurs de services de messagerie, que ce soit pour l&rsquo;exp\u00e9dition en Colombie-Britannique de n&rsquo;importe o\u00f9 au Canada, ou pour l&rsquo;exp\u00e9dition de la C.-B. \u00e0 l&rsquo;\u00e9tranger. [\/vc_column_text][\/vc_column][vc_column width=\u00a0\u00bb1\/3&Prime; el_class=\u00a0\u00bb.eip-r5-c2&Prime;][vc_single_image image=\u00a0\u00bb6772&Prime; img_size=\u00a0\u00bb\u00a0\u00bb onclick=\u00a0\u00bbcustom_link\u00a0\u00bb css=\u00a0\u00bb.vc_custom_1594148137103{margin-left: -10px !important;}\u00a0\u00bb link=\u00a0\u00bbhttps:\/\/wpstaging.flagshipcompany.com\/fr\/services-dexpedition-internationaux\/\u00a0\u00bb][vc_column_text el_class=\u00a0\u00bb.lato-light\u00a0\u00bb]<\/p>\n<h2><a href=\"\/?page_id=6541\">Exp\u00e9dition internationale <\/a><\/h2>\n<p>FlagShip vous offre une exp\u00e9dition pratique et peu co\u00fbteuse de la C.-B. \u00e0 n&rsquo;importe o\u00f9 dans le monde! C\u2019est un excellent moyen pour les petites et moyennes entreprises de profiter des prix sur les gros volumes de rabais! [\/vc_column_text][\/vc_column][vc_column width=\u00a0\u00bb1\/3&Prime; el_class=\u00a0\u00bb.eip-r5-c3&Prime;][vc_single_image image=\u00a0\u00bb10178&Prime; img_size=\u00a0\u00bb\u00a0\u00bb onclick=\u00a0\u00bbcustom_link\u00a0\u00bb css=\u00a0\u00bb.vc_custom_1594148807452{margin-left: -10px !important;}\u00a0\u00bb link=\u00a0\u00bbhttps:\/\/wpstaging.flagshipcompany.com\/fr\/integration-ecommerce\/\u00a0\u00bb][vc_column_text el_class=\u00a0\u00bb.lato-light\u00a0\u00bb]<\/p>\n<h2><a href=\"\/?page_id=7435\">Int\u00e9gration du commerce \u00e9lectronique <\/a><\/h2>\n<p>Pour votre boutique en ligne, livrer des marchandises \u00e0 destination et en provenance de la Colombie-Britannique est facile avec les solutions d\u2019exp\u00e9dition simplifi\u00e9es de FlagShip pour le commerce \u00e9lectronique. D\u00e9couvrez comment vous pouvez am\u00e9liorer l&rsquo;exp\u00e9rience de votre client d\u00e8s maintenant. [\/vc_column_text][\/vc_column][\/vc_row][vc_row full_width=\u00a0\u00bbstretch_row\u00a0\u00bb css=\u00a0\u00bb.vc_custom_1592315663465{margin-top: 0px !important;padding-top: 0px !important;padding-bottom: 20px !important;}\u00a0\u00bb el_class=\u00a0\u00bb.eip-r6&Prime;][vc_column width=\u00a0\u00bb1\/3&Prime;][\/vc_column][vc_column width=\u00a0\u00bb1\/3&Prime;][vc_raw_html]JTNDZGl2JTIwc3R5bGUlM0QlMjJkaXNwbGF5JTNBYmxvY2slM0IlMjB3aWR0aCUzQTM0MHB4JTNCJTIwbWFyZ2luJTNBJTIwMCUyMGF1dG8lM0IlMjB0ZXh0LWFsaWduJTNBJTIwY2VudGVyJTNCJTIyJTNFJTBBJTNDYSUyMGNsYXNzJTNEJTIyY3RhLWJ1dHRvbiUyMiUyMGhyZWYlM0QlMjJodHRwcyUzQSUyRiUyRnd3dy5mbGFnc2hpcGNvbXBhbnkuY29tJTJGZnIlMkZpbnNjcml2ZXotdm91cyUyRiUyMiUzRSUwQSUyMCUyMCUzQ3NwYW4lMjBjbGFzcyUzRCUyMmN0YS1idXR0b24taWNvbiUyMiUzRSUzQ2klMjBjbGFzcyUzRCUyMmZhcyUyMGZhLWFycm93LWNpcmNsZS1yaWdodCUyMiUyMGFyaWEtaGlkZGVuJTNEJTIydHJ1ZSUyMiUzRSUzQyUyRmklM0UlM0MlMkZzcGFuJTNFJTBBJTIwJTIwJTNDc3BhbiUyMGNsYXNzJTNEJTIyY3RhLWJ1dHRvbi10ZXh0JTIyJTNFT0JURU5FWiUyMFVOJTIwQ09NUFRFJTNDJTJGc3BhbiUzRSUwQSUyMCUzQyUyRmElM0UlMEElM0MlMkZkaXYlM0UlMEE=[\/vc_raw_html][\/vc_column][vc_column width=\u00a0\u00bb1\/3&Prime;][\/vc_column][\/vc_row][vc_row full_width=\u00a0\u00bbstretch_row\u00a0\u00bb css=\u00a0\u00bb.vc_custom_1592410203666{padding-top: 60px !important;padding-right: 20px !important;padding-left: 20px !important;background-color: #09a8e1 !important;}\u00a0\u00bb el_class=\u00a0\u00bb.hp-r9&Prime;][vc_column width=\u00a0\u00bb1\/6&Prime; el_class=\u00a0\u00bb.hp-r9-c1&Prime;][\/vc_column][vc_column width=\u00a0\u00bb2\/3&Prime;][vc_single_image image=\u00a0\u00bb10314&Prime; img_size=\u00a0\u00bb160&#215;118&Prime; alignment=\u00a0\u00bbcenter\u00a0\u00bb][vc_raw_html]JTNDZGl2JTIwY2xhc3MlM0QlMjJkc3AtcjMtc3ViLXRpdGxlJTIyJTNFRmxhZ1NoaXAlMjBwZXV0JTIwZmFpcmUlMjAlQzMlQTljb25vbWlzZXIlMjBkdSUyMHRlbXBzJTIwZXQlMjBkZSUyMGwlRTIlODAlOTlhcmdlbnQlMjAlQzMlQTAlMjB2b3RyZSUyMGVudHJlcHJpc2UlMjBwb3VyJTIwdG91cyUyMGxlcyUyMGJlc29pbnMlMjBkJUUyJTgwJTk5ZXhwJUMzJUE5ZGl0aW9uJTIwZGUlMjBsYSUyMENvbG9tYmllLUJyaXRhbm5pcXVlJTJDJTIwcXVlJTIwY2UlMjBzb2l0JTIwYXUlMjBDYW5hZGElMjBvdSUyMGFpbGxldXJzJTIwZGFucyUyMGxlJTIwbW9uZGUlMjElMjBQb3VyJTIwZW4lMjBzYXZvaXIlMjBwbHVzJTIwc3VyJTIwbGVzJTIwc2VydmljZXMlMjBkJTI3ZXhwJUMzJUE5ZGl0aW9uJTIwZGFucyUyMGxlcyUyMHZpbGxlcyUyMHN1aXZhbnRlcyUyMCUzQSUzQyUyRmRpdiUzRQ==[\/vc_raw_html][vc_separator color=\u00a0\u00bbwhite\u00a0\u00bb el_width=\u00a0\u00bb80&Prime;][vc_raw_html]JTNDZGl2JTIwY2xhc3MlM0QlMjJocC1yOS1jMS10aXRsZTIlMjIlMjBzdHlsZSUzRCUyMmZvbnQtc2l6ZSUzQSUyMDExMCUyNSUzQiUyMHRleHQtYWxpZ24lM0ElMjBjZW50ZXIlM0IlMjB0cmFucyUyMiUzRSUzQ2ElMjBocmVmJTNEJTIyaHR0cHMlM0ElMkYlMkZ3d3cuZmxhZ3NoaXBjb21wYW55LmNvbSUyRmZyJTJGbGV4cGVkaXRpb24tYS1yYWJhaXMtdmFuY291dmVyJTJGJTIyJTIwc3R5bGUlM0QlMjJjb2xvciUzQSUyMCUyM2ZmZmZmZiUzQiUyMiUzRVZhbmNvdXZlciUzQyUyRmElM0UlMjAlMjAlN0MlMjAlMjBWaWN0b3JpYSUyMCU3QyUyMCUyMEtlbG93bmElM0MlMkZkaXYlM0U=[\/vc_raw_html][\/vc_column][vc_column width=\u00a0\u00bb1\/6&Prime;][\/vc_column][\/vc_row][vc_column][\/vc_column]<\/p>\n<\/section>","protected":false},"excerpt":{"rendered":"<p>[vc_row full_width=\u00a0\u00bbstretch_row_content_no_spaces\u00a0\u00bb][vc_column][vc_raw_html]JTNDZGl2JTIwY2xhc3MlM0QlMjJoZWFkZXItYm94LXJlbGF0aXZlJTIyJTNFJTBBJTBBJTNDZGl2JTIwY2xhc3MlM0QlMjJoZWFkZXItYm94LWJrZyUyMiUyMCUzRSUwQSUzQ2ltZyUyMHNyYyUzRCUyMiUyRmFwcCUyRnVwbG9hZHMlMkYyMDIwJTJGMDYlMkZGbGFnU2hpcC1iYW5uZXItQnJpdGlzaC1Db2x1bWJpYS0xLmpwZyUyMiUyMCUyRiUzRSUwQSUzQyUyRmRpdiUzRSUwQSUwQSUzQ2RpdiUyMGNsYXNzJTNEJTIyaGVhZGVyLWNlbnRlci10ZXh0LWFic29sdXRlMiUyMiUzRSUwQSUzQ2RpdiUyMGNsYXNzJTNEJTIyaGVhZGVyLWNlbnRlci10ZXh0LWFic29sdXRlMi1pbm5lciUyMiUzRSUwQSUzQ2gxJTNFU2VydmljZXMlMjBkJUUyJTgwJTk5ZXhwJUMzJUE5ZGl0aW9uJTIwZGUlMjBsYSUyMENvbG9tYmllLUJyaXRhbm5pcXVlJTIwc3VyJTIwbGVzcXVlbHMlMjB2b3VzJTIwcG91dmV6JTIwY29tcHRlciUzQ2ZvbnQlMjBjbGFzcyUzRCUyMmxhdG8tbm9ybWFsJTIyJTNFJTNDJTJGaDElM0UlM0MlMkZkaXYlM0UlMEElM0MlMkZkaXYlM0UlMEElMjAlMjAlMjAlMjAlMEElM0MlMkZkaXYlM0U=[\/vc_raw_html][\/vc_column][\/vc_row][vc_row css=\u00a0\u00bb.vc_custom_1591976682546{margin-bottom: 0px !important;padding-top: 0px !important;}\u00a0\u00bb][vc_column width=\u00a0\u00bb1\/4&Prime; el_class=\u00a0\u00bb.eip-r1-c1&Prime;][vc_single_image image=\u00a0\u00bb11259&Prime; img_size=\u00a0\u00bbfull\u00a0\u00bb alignment=\u00a0\u00bbcenter\u00a0\u00bb][vc_column_text] Faire de votre exp\u00e9dition vers et de la Colombie-Britannique une exp\u00e9rience sans tracas [\/vc_column_text][\/vc_column][vc_column width=\u00a0\u00bb3\/4&Prime; el_class=\u00a0\u00bb.eip-r1-c2 .lato-light\u00a0\u00bb css=\u00a0\u00bb.vc_custom_1592315153172{margin-left: 30px !important;}\u00a0\u00bb][vc_column_text el_class=\u00a0\u00bb.lato-light\u00a0\u00bb]&#8230;<\/p>\n","protected":false},"author":5,"featured_media":0,"parent":0,"menu_order":0,"comment_status":"closed","ping_status":"closed","template":"","meta":[],"_links":{"self":[{"href":"https:\/\/wpstaging.flagshipcompany.com\/fr\/wp-json\/wp\/v2\/pages\/11135"}],"collection":[{"href":"https:\/\/wpstaging.flagshipcompany.com\/fr\/wp-json\/wp\/v2\/pages"}],"about":[{"href":"https:\/\/wpstaging.flagshipcompany.com\/fr\/wp-json\/wp\/v2\/types\/page"}],"author":[{"embeddable":true,"href":"https:\/\/wpstaging.flagshipcompany.com\/fr\/wp-json\/wp\/v2\/users\/5"}],"replies":[{"embeddable":true,"href":"https:\/\/wpstaging.flagshipcompany.com\/fr\/wp-json\/wp\/v2\/comments?post=11135"}],"version-history":[{"count":17,"href":"https:\/\/wpstaging.flagshipcompany.com\/fr\/wp-json\/wp\/v2\/pages\/11135\/revisions"}],"predecessor-version":[{"id":16165,"href":"https:\/\/wpstaging.flagshipcompany.com\/fr\/wp-json\/wp\/v2\/pages\/11135\/revisions\/16165"}],"wp:attachment":[{"href":"https:\/\/wpstaging.flagshipcompany.com\/fr\/wp-json\/wp\/v2\/media?parent=11135"}],"curies":[{"name":"wp","href":"https:\/\/api.w.org\/{rel}","templated":true}]}}